{"id":2551,"date":"2022-12-19T21:39:32","date_gmt":"2022-12-19T20:39:32","guid":{"rendered":"https:\/\/www.caravaning-esguard.com\/?page_id=2551"},"modified":"2026-01-15T16:58:45","modified_gmt":"2026-01-15T15:58:45","slug":"avis-legal","status":"publish","type":"page","link":"https:\/\/www.caravaning-esguard.com\/es\/avis-legal\/","title":{"rendered":"Aviso legal"},"content":{"rendered":"<h4>Informaci\u00f3n de Conformidad con el art\u00edculo 10 de la LSSI<\/h4>\n<h3>El titular de esta web es:<\/h3>\n<p>Identidad: <strong>Sector Estaci\u00f3 S.L.<\/strong><br \/>\nCIF: <strong>B17865320<\/strong><br \/>\nDirecci\u00f3n: <strong>Carrer Teulera, 6 | 17246 Santa Cristina d\u2019Aro. Girona.<br \/>\n<\/strong>Tel\u00e9fono: <strong>972 83 56 36<br \/>\n<\/strong>Correo electr\u00f3nico<strong>:<\/strong> <a href=\"mailto:info@caravaning-esguard.com\"><strong>info@caravaning-esguard.com<\/strong><\/a><\/p>\n<h3>Condiciones de uso<\/h3>\n<p style=\"text-align: justify;\">El uso de esta web implica la plena aceptaci\u00f3n de los t\u00e9rminos y condiciones del presente aviso legal. Los posibles conflictos relativos a este sitio web se regir\u00e1n exclusivamente por el derecho del Estado espa\u00f1ol. Toda persona usuaria de la web, independientemente de la jurisdicci\u00f3n territorial desde la que se produzca su acceso, acepta el cumplimiento y respeto de estas cl\u00e1usulas con renuncia expresa a cualquier otro fuero que pudiera corresponderle.<\/p>\n<h3>Propiedad intelectual e industrial<\/h3>\n<p style=\"text-align: justify;\">La totalidad del contenido de este sitio web, ya sean textos, im\u00e1genes, sonidos, marcas, logotipos u otros elementos, as\u00ed como subestructura, dise\u00f1o, combinaciones de colores o forma de presentaci\u00f3n de los materiales, est\u00e1n protegidos por derechos de propiedad industrial e intelectual que el usuario de este sitio web debe respetar. No es l\u00edcita su transformaci\u00f3n o alteraci\u00f3n, comunicaci\u00f3n p\u00fablica o cualquier otra forma de explotaci\u00f3n por cualquier procedimiento sin la autorizaci\u00f3n expresa de\u00a0<strong>Sector Estaci\u00f3 S.L.<\/strong><\/p>\n<h3>Responsabilidad sobre los contenidos<\/h3>\n<p style=\"text-align: justify;\" class=\"translation-block\">Aunque\u00a0<strong>Sector Estaci\u00f3n S.L.<\/strong> act\u00faa con la m\u00e1xima diligencia posible, puede darse el caso de que alg\u00fan dato o informaci\u00f3n no est\u00e9 del todo actualizado en el momento que el usuario del sitio web lo consulte. Por eso, las informaciones que se presentan en esta web tienen una funci\u00f3n orientativa y no obligan a <strong>Sector Estaci\u00f3 S.L.<\/strong><\/p>\n<p style=\"text-align: justify;\" class=\"translation-block\"><strong>Sector Estaci\u00f3n S.L.<\/strong>\u00a0no ser\u00e1 responsable de la informaci\u00f3n que se pueda obtener a trav\u00e9s de enlaces incluidos en su web.<\/p>\n<p style=\"text-align: justify;\" class=\"translation-block\"><strong>Sector Estaci\u00f3n S.L.<\/strong>\u00a0se reserva la facultad de realizar, en cualquier momento y sin necesidad de preaviso, modificaciones o actualizaciones de la informaci\u00f3n y de cualquiera de los elementos que integren el dise\u00f1o y configuraci\u00f3n de la p\u00e1gina web.<\/p>\n<h3>Ley aplicable y jurisdicci\u00f3n<\/h3>\n<p style=\"text-align: justify;\">El uso de este sitio web implica la plena aceptaci\u00f3n de los t\u00e9rminos y condiciones en el presente aviso legal. Los posibles conflictos relativos a este sitio web se regir\u00e1n exclusivamente por la legislaci\u00f3n espa\u00f1ola, siendo competentes los Juzgados y Tribunales espa\u00f1oles para conocer cualquier cuesti\u00f3n que se suscite sobre ella. El usuario, en virtud de su aceptaci\u00f3n renuncia expresamente a cualquier fuero que por aplicaci\u00f3n de la Ley de Enjuiciamiento Civil vigente le pudiera corresponder.<\/p>","protected":false},"excerpt":{"rendered":"<p>Informaci\u00f3 de Conformitat amb l&#8217;article 10 de la LSSI El titular d&#8217;aquesta web \u00e9s: Identitat: Sector Estaci\u00f3 S.L. CIF: B17865320 Adre\u00e7a: Carrer Teulera, 6 | 17246 Santa Cristina d&#8217;Aro. Girona. Tel\u00e8fon: 972 83 56 36 Correu electr\u00f2nic: info@caravaning-esguard.com Condicions d&#8217;\u00fas L&#8217;\u00fas d&#8217;aquest web implica l&#8217;acceptaci\u00f3 plena dels termes i condicions del present av\u00eds legal. Els<br \/><a class=\"moretag\" href=\"https:\/\/www.caravaning-esguard.com\/es\/avis-legal\/\">+ Read More<\/a><\/p>","protected":false},"author":1,"featured_media":2734,"parent":0,"menu_order":0,"comment_status":"closed","ping_status":"closed","template":"templates\/page-fullwidth_template.php","meta":{"footnotes":""},"class_list":["post-2551","page","type-page","status-publish","has-post-thumbnail","hentry"],"yoast_head":"<!-- This site is optimized with the Yoast SEO plugin v27.3 - https:\/\/yoast.com\/product\/yoast-seo-wordpress\/ -->\n<title>Av\u00eds legal - Caravaning Esguard<\/title>\n<meta name=\"robots\" content=\"index, follow, max-snippet:-1, max-image-preview:large, max-video-preview:-1\" \/>\n<link rel=\"canonical\" href=\"https:\/\/www.caravaning-esguard.com\/es\/avis-legal\/\" \/>\n<meta property=\"og:locale\" content=\"es_ES\" \/>\n<meta property=\"og:type\" content=\"article\" \/>\n<meta property=\"og:title\" content=\"Av\u00eds legal - Caravaning Esguard\" \/>\n<meta property=\"og:description\" content=\"Informaci\u00f3 de Conformitat amb l&#8217;article 10 de la LSSI El titular d&#8217;aquesta web \u00e9s: Identitat: Sector Estaci\u00f3 S.L. CIF: B17865320 Adre\u00e7a: Carrer Teulera, 6 | 17246 Santa Cristina d&#8217;Aro. Girona. Tel\u00e8fon: 972 83 56 36 Correu electr\u00f2nic: info@caravaning-esguard.com Condicions d&#8217;\u00fas L&#8217;\u00fas d&#8217;aquest web implica l&#8217;acceptaci\u00f3 plena dels termes i condicions del present av\u00eds legal. Els+ Read More\" \/>\n<meta property=\"og:url\" content=\"https:\/\/www.caravaning-esguard.com\/es\/avis-legal\/\" \/>\n<meta property=\"og:site_name\" content=\"Caravaning Esguard\" \/>\n<meta property=\"article:publisher\" content=\"https:\/\/www.facebook.com\/caravaningesguard\/\" \/>\n<meta property=\"article:modified_time\" content=\"2026-01-15T15:58:45+00:00\" \/>\n<meta property=\"og:image\" content=\"https:\/\/www.caravaning-esguard.com\/wp-content\/uploads\/2023\/03\/Caravaning-Esguard-Textos-legals-H.jpg\" \/>\n\t<meta property=\"og:image:width\" content=\"1480\" \/>\n\t<meta property=\"og:image:height\" content=\"360\" \/>\n\t<meta property=\"og:image:type\" content=\"image\/jpeg\" \/>\n<meta name=\"twitter:card\" content=\"summary_large_image\" \/>\n<meta name=\"twitter:label1\" content=\"Tiempo de lectura\" \/>\n\t<meta name=\"twitter:data1\" content=\"2 minutos\" \/>\n<script type=\"application\/ld+json\" class=\"yoast-schema-graph\">{\"@context\":\"https:\\\/\\\/schema.org\",\"@graph\":[{\"@type\":\"WebPage\",\"@id\":\"https:\\\/\\\/www.caravaning-esguard.com\\\/avis-legal\\\/\",\"url\":\"https:\\\/\\\/www.caravaning-esguard.com\\\/avis-legal\\\/\",\"name\":\"Av\u00eds legal - Caravaning Esguard\",\"isPartOf\":{\"@id\":\"https:\\\/\\\/www.caravaning-esguard.com\\\/#website\"},\"primaryImageOfPage\":{\"@id\":\"https:\\\/\\\/www.caravaning-esguard.com\\\/avis-legal\\\/#primaryimage\"},\"image\":{\"@id\":\"https:\\\/\\\/www.caravaning-esguard.com\\\/avis-legal\\\/#primaryimage\"},\"thumbnailUrl\":\"https:\\\/\\\/www.caravaning-esguard.com\\\/wp-content\\\/uploads\\\/2023\\\/03\\\/Caravaning-Esguard-Textos-legals-H.jpg\",\"datePublished\":\"2022-12-19T20:39:32+00:00\",\"dateModified\":\"2026-01-15T15:58:45+00:00\",\"breadcrumb\":{\"@id\":\"https:\\\/\\\/www.caravaning-esguard.com\\\/avis-legal\\\/#breadcrumb\"},\"inLanguage\":\"es\",\"potentialAction\":[{\"@type\":\"ReadAction\",\"target\":[\"https:\\\/\\\/www.caravaning-esguard.com\\\/avis-legal\\\/\"]}]},{\"@type\":\"ImageObject\",\"inLanguage\":\"es\",\"@id\":\"https:\\\/\\\/www.caravaning-esguard.com\\\/avis-legal\\\/#primaryimage\",\"url\":\"https:\\\/\\\/www.caravaning-esguard.com\\\/wp-content\\\/uploads\\\/2023\\\/03\\\/Caravaning-Esguard-Textos-legals-H.jpg\",\"contentUrl\":\"https:\\\/\\\/www.caravaning-esguard.com\\\/wp-content\\\/uploads\\\/2023\\\/03\\\/Caravaning-Esguard-Textos-legals-H.jpg\",\"width\":1480,\"height\":360,\"caption\":\"Caravaning Esguard - Textos legals\"},{\"@type\":\"BreadcrumbList\",\"@id\":\"https:\\\/\\\/www.caravaning-esguard.com\\\/avis-legal\\\/#breadcrumb\",\"itemListElement\":[{\"@type\":\"ListItem\",\"position\":1,\"name\":\"Home\",\"item\":\"https:\\\/\\\/www.caravaning-esguard.com\\\/\"},{\"@type\":\"ListItem\",\"position\":2,\"name\":\"Av\u00eds legal\"}]},{\"@type\":\"WebSite\",\"@id\":\"https:\\\/\\\/www.caravaning-esguard.com\\\/#website\",\"url\":\"https:\\\/\\\/www.caravaning-esguard.com\\\/\",\"name\":\"Caravaning Esguard\",\"description\":\"Santa Cristina d&#039;Aro\",\"publisher\":{\"@id\":\"https:\\\/\\\/www.caravaning-esguard.com\\\/#organization\"},\"potentialAction\":[{\"@type\":\"SearchAction\",\"target\":{\"@type\":\"EntryPoint\",\"urlTemplate\":\"https:\\\/\\\/www.caravaning-esguard.com\\\/?s={search_term_string}\"},\"query-input\":{\"@type\":\"PropertyValueSpecification\",\"valueRequired\":true,\"valueName\":\"search_term_string\"}}],\"inLanguage\":\"es\"},{\"@type\":\"Organization\",\"@id\":\"https:\\\/\\\/www.caravaning-esguard.com\\\/#organization\",\"name\":\"Caravaning Esguard\",\"url\":\"https:\\\/\\\/www.caravaning-esguard.com\\\/\",\"logo\":{\"@type\":\"ImageObject\",\"inLanguage\":\"es\",\"@id\":\"https:\\\/\\\/www.caravaning-esguard.com\\\/#\\\/schema\\\/logo\\\/image\\\/\",\"url\":\"https:\\\/\\\/www.caravaning-esguard.com\\\/wp-content\\\/uploads\\\/2023\\\/09\\\/Caravaning-Esguard-Santa-Cristina-dAro-Logo.png\",\"contentUrl\":\"https:\\\/\\\/www.caravaning-esguard.com\\\/wp-content\\\/uploads\\\/2023\\\/09\\\/Caravaning-Esguard-Santa-Cristina-dAro-Logo.png\",\"width\":228,\"height\":80,\"caption\":\"Caravaning Esguard\"},\"image\":{\"@id\":\"https:\\\/\\\/www.caravaning-esguard.com\\\/#\\\/schema\\\/logo\\\/image\\\/\"},\"sameAs\":[\"https:\\\/\\\/www.facebook.com\\\/caravaningesguard\\\/\",\"https:\\\/\\\/www.instagram.com\\\/caravaningesguard\\\/\"]}]}<\/script>\n<!-- \/ Yoast SEO plugin. -->","yoast_head_json":{"title":"Av\u00eds legal - Caravaning Esguard","robots":{"index":"index","follow":"follow","max-snippet":"max-snippet:-1","max-image-preview":"max-image-preview:large","max-video-preview":"max-video-preview:-1"},"canonical":"https:\/\/www.caravaning-esguard.com\/es\/avis-legal\/","og_locale":"es_ES","og_type":"article","og_title":"Av\u00eds legal - Caravaning Esguard","og_description":"Informaci\u00f3 de Conformitat amb l&#8217;article 10 de la LSSI El titular d&#8217;aquesta web \u00e9s: Identitat: Sector Estaci\u00f3 S.L. CIF: B17865320 Adre\u00e7a: Carrer Teulera, 6 | 17246 Santa Cristina d&#8217;Aro. Girona. Tel\u00e8fon: 972 83 56 36 Correu electr\u00f2nic: info@caravaning-esguard.com Condicions d&#8217;\u00fas L&#8217;\u00fas d&#8217;aquest web implica l&#8217;acceptaci\u00f3 plena dels termes i condicions del present av\u00eds legal. Els+ Read More","og_url":"https:\/\/www.caravaning-esguard.com\/es\/avis-legal\/","og_site_name":"Caravaning Esguard","article_publisher":"https:\/\/www.facebook.com\/caravaningesguard\/","article_modified_time":"2026-01-15T15:58:45+00:00","og_image":[{"width":1480,"height":360,"url":"https:\/\/www.caravaning-esguard.com\/wp-content\/uploads\/2023\/03\/Caravaning-Esguard-Textos-legals-H.jpg","type":"image\/jpeg"}],"twitter_card":"summary_large_image","twitter_misc":{"Tiempo de lectura":"2 minutos"},"schema":{"@context":"https:\/\/schema.org","@graph":[{"@type":"WebPage","@id":"https:\/\/www.caravaning-esguard.com\/avis-legal\/","url":"https:\/\/www.caravaning-esguard.com\/avis-legal\/","name":"Av\u00eds legal - Caravaning Esguard","isPartOf":{"@id":"https:\/\/www.caravaning-esguard.com\/#website"},"primaryImageOfPage":{"@id":"https:\/\/www.caravaning-esguard.com\/avis-legal\/#primaryimage"},"image":{"@id":"https:\/\/www.caravaning-esguard.com\/avis-legal\/#primaryimage"},"thumbnailUrl":"https:\/\/www.caravaning-esguard.com\/wp-content\/uploads\/2023\/03\/Caravaning-Esguard-Textos-legals-H.jpg","datePublished":"2022-12-19T20:39:32+00:00","dateModified":"2026-01-15T15:58:45+00:00","breadcrumb":{"@id":"https:\/\/www.caravaning-esguard.com\/avis-legal\/#breadcrumb"},"inLanguage":"es","potentialAction":[{"@type":"ReadAction","target":["https:\/\/www.caravaning-esguard.com\/avis-legal\/"]}]},{"@type":"ImageObject","inLanguage":"es","@id":"https:\/\/www.caravaning-esguard.com\/avis-legal\/#primaryimage","url":"https:\/\/www.caravaning-esguard.com\/wp-content\/uploads\/2023\/03\/Caravaning-Esguard-Textos-legals-H.jpg","contentUrl":"https:\/\/www.caravaning-esguard.com\/wp-content\/uploads\/2023\/03\/Caravaning-Esguard-Textos-legals-H.jpg","width":1480,"height":360,"caption":"Caravaning Esguard - Textos legals"},{"@type":"BreadcrumbList","@id":"https:\/\/www.caravaning-esguard.com\/avis-legal\/#breadcrumb","itemListElement":[{"@type":"ListItem","position":1,"name":"Home","item":"https:\/\/www.caravaning-esguard.com\/"},{"@type":"ListItem","position":2,"name":"Av\u00eds legal"}]},{"@type":"WebSite","@id":"https:\/\/www.caravaning-esguard.com\/#website","url":"https:\/\/www.caravaning-esguard.com\/","name":"Caravaning Esguard","description":"Santa Cristina d&#039;Aro","publisher":{"@id":"https:\/\/www.caravaning-esguard.com\/#organization"},"potentialAction":[{"@type":"SearchAction","target":{"@type":"EntryPoint","urlTemplate":"https:\/\/www.caravaning-esguard.com\/?s={search_term_string}"},"query-input":{"@type":"PropertyValueSpecification","valueRequired":true,"valueName":"search_term_string"}}],"inLanguage":"es"},{"@type":"Organization","@id":"https:\/\/www.caravaning-esguard.com\/#organization","name":"Caravaning Esguard","url":"https:\/\/www.caravaning-esguard.com\/","logo":{"@type":"ImageObject","inLanguage":"es","@id":"https:\/\/www.caravaning-esguard.com\/#\/schema\/logo\/image\/","url":"https:\/\/www.caravaning-esguard.com\/wp-content\/uploads\/2023\/09\/Caravaning-Esguard-Santa-Cristina-dAro-Logo.png","contentUrl":"https:\/\/www.caravaning-esguard.com\/wp-content\/uploads\/2023\/09\/Caravaning-Esguard-Santa-Cristina-dAro-Logo.png","width":228,"height":80,"caption":"Caravaning Esguard"},"image":{"@id":"https:\/\/www.caravaning-esguard.com\/#\/schema\/logo\/image\/"},"sameAs":["https:\/\/www.facebook.com\/caravaningesguard\/","https:\/\/www.instagram.com\/caravaningesguard\/"]}]}},"_links":{"self":[{"href":"https:\/\/www.caravaning-esguard.com\/es\/wp-json\/wp\/v2\/pages\/2551","targetHints":{"allow":["GET"]}}],"collection":[{"href":"https:\/\/www.caravaning-esguard.com\/es\/wp-json\/wp\/v2\/pages"}],"about":[{"href":"https:\/\/www.caravaning-esguard.com\/es\/wp-json\/wp\/v2\/types\/page"}],"author":[{"embeddable":true,"href":"https:\/\/www.caravaning-esguard.com\/es\/wp-json\/wp\/v2\/users\/1"}],"replies":[{"embeddable":true,"href":"https:\/\/www.caravaning-esguard.com\/es\/wp-json\/wp\/v2\/comments?post=2551"}],"version-history":[{"count":0,"href":"https:\/\/www.caravaning-esguard.com\/es\/wp-json\/wp\/v2\/pages\/2551\/revisions"}],"wp:featuredmedia":[{"embeddable":true,"href":"https:\/\/www.caravaning-esguard.com\/es\/wp-json\/wp\/v2\/media\/2734"}],"wp:attachment":[{"href":"https:\/\/www.caravaning-esguard.com\/es\/wp-json\/wp\/v2\/media?parent=2551"}],"curies":[{"name":"wp","href":"https:\/\/api.w.org\/{rel}","templated":true}]}}