{"id":2661,"date":"2023-02-28T22:45:26","date_gmt":"2023-02-28T21:45:26","guid":{"rendered":"https:\/\/www.caravaning-esguard.com\/?page_id=2661"},"modified":"2026-01-19T11:22:39","modified_gmt":"2026-01-19T10:22:39","slug":"blog","status":"publish","type":"page","link":"https:\/\/www.caravaning-esguard.com\/es\/blog\/","title":{"rendered":"Blog"},"content":{"rendered":"<div data-elementor-type=\"wp-page\" data-elementor-id=\"2661\" class=\"elementor elementor-2661\" data-elementor-post-type=\"page\">\n\t\t\t\t\t\t<section class=\"elementor-section elementor-top-section elementor-element elementor-element-6b5d913 elementor-section-full_width elementor-section-height-default elementor-section-height-default\" data-id=\"6b5d913\" data-element_type=\"section\" data-e-type=\"section\">\n\t\t\t\t\t\t<div class=\"elementor-container elementor-column-gap-no\">\n\t\t\t\t\t<div class=\"elementor-column elementor-col-100 elementor-top-column elementor-element elementor-element-12843c4\" data-id=\"12843c4\" data-element_type=\"column\" data-e-type=\"column\">\n\t\t\t<div class=\"elementor-widget-wrap elementor-element-populated\">\n\t\t\t\t\t\t<div class=\"elementor-element elementor-element-15e2c3c premium-blog-align-center elementor-widget elementor-widget-premium-addon-blog\" data-id=\"15e2c3c\" data-element_type=\"widget\" data-e-type=\"widget\" data-settings=\"{&quot;scroll_to_offset&quot;:&quot;yes&quot;}\" data-widget_type=\"premium-addon-blog.default\">\n\t\t\t\t\t\n\t\t\n\n\t\t\t\t<div class=\"premium-blog-wrap  premium-blog-list\" data-page=\"2661\" data-pagination=\"true\">\n\t\t\t\t\t\t\t\t\t<div class=\"premium-blog-post-outer-container\" data-total=\"5\">\n\t\t\t<div class=\"premium-blog-post-container premium-blog-skin-modern\">\n\t\t\t\t\t\t\t\t\t<div class=\"premium-blog-thumb-effect-wrapper\">\n\t\t\t\t\t\t<div class=\"premium-blog-thumbnail-container premium-blog-blur-effect\">\n\t\t\t\t\t\t\t\t\t\t\t<a href=\"https:\/\/www.caravaning-esguard.com\/es\/ser-caravaner-esta-de-moda\/\" target=\"_blank\">\n\t\t\t\t<img fetchpriority=\"high\" decoding=\"async\" width=\"900\" height=\"500\" src=\"https:\/\/www.caravaning-esguard.com\/wp-content\/uploads\/2026\/03\/Caravaning-Esguard-Blog-Ser-caravaner-esta-de-moda.jpg\" class=\"attachment-full size-full wp-image-6544\" alt=\"Caravaning Esguard - Blog -  \u00a1Ser caravaner est\u00e1 de moda!\" srcset=\"https:\/\/www.caravaning-esguard.com\/wp-content\/uploads\/2026\/03\/Caravaning-Esguard-Blog-Ser-caravaner-esta-de-moda.jpg 900w, https:\/\/www.caravaning-esguard.com\/wp-content\/uploads\/2026\/03\/Caravaning-Esguard-Blog-Ser-caravaner-esta-de-moda-300x167.jpg 300w, https:\/\/www.caravaning-esguard.com\/wp-content\/uploads\/2026\/03\/Caravaning-Esguard-Blog-Ser-caravaner-esta-de-moda-768x427.jpg 768w, https:\/\/www.caravaning-esguard.com\/wp-content\/uploads\/2026\/03\/Caravaning-Esguard-Blog-Ser-caravaner-esta-de-moda-18x10.jpg 18w\" sizes=\"(max-width: 900px) 100vw, 900px\" \/>\t\t\t\t<\/a>\n\t\t\t\t\t\t\t\t\t\t<\/div>\n\t\t\t\t\t\t\t\t\t\t\t\t\t<div class=\"premium-blog-effect-container premium-blog-diagonal-effect\">\n\t\t\t\t\t\t\t\t<a class=\"premium-blog-post-link\" href=\"https:\/\/www.caravaning-esguard.com\/es\/ser-caravaner-esta-de-moda\/\" target=\"_blank\"><span>\u00a1Ser caravaner est\u00e1 de moda!<\/span><\/a>\n\t\t\t\t\t\t\t\t\t\t\t\t\t\t\t<\/div>\n\t\t\t\t\t\t\t\t\t\t\t<\/div>\n\t\t\t\t\t\t\t\t\t\t\t\t<div class=\"premium-blog-content-wrapper\">\n\n\t\t\t\t\t<div class=\"premium-blog-inner-container\">\n\n\t\t\t\t\t\t\t\t\t\t\t\t\t\t<h2 class=\"premium-blog-entry-title\">\n\t\t\t<a href=\"https:\/\/www.caravaning-esguard.com\/es\/ser-caravaner-esta-de-moda\/\" target=\"_blank\">\n\t\t\t\t\u00a1Ser caravaner est\u00e1 de moda!\t\t\t<\/a>\n\t\t<\/h2>\n\t\t\t\t<div class=\"premium-blog-entry-meta\">\n\t\t\t\n\t\t\t\n\t\t\t\n\t\t\t\t\t<\/div>\n\t\t\n\t\t\t\t\t<\/div>\n\n\t\t\t\t\t\t\t<div class=\"premium-blog-content-inner-wrapper\">\n\t\t<p class=\"premium-blog-post-content\">El auge del caravaning en Espa\u00f1a: un crecimiento del 185% en la \u00faltima d\u00e9cada En los \u00faltimos diez a\u00f1os, el caravaning en Espa\u00f1a ha experimentado un crecimiento sin precedentes: seg\u00fan datos recientes, el sector ha aumentado un 185%, \u2026<\/p>\t\t<\/div>\n\t\t\t\t\t\t\t\n\t\t\t\t<\/div>\n\t\t\t<\/div>\n\t\t<\/div>\n\n\t\t\t\t<div class=\"premium-blog-post-outer-container\" data-total=\"5\">\n\t\t\t<div class=\"premium-blog-post-container premium-blog-skin-modern\">\n\t\t\t\t\t\t\t\t\t<div class=\"premium-blog-thumb-effect-wrapper\">\n\t\t\t\t\t\t<div class=\"premium-blog-thumbnail-container premium-blog-blur-effect\">\n\t\t\t\t\t\t\t\t\t\t\t<a href=\"https:\/\/www.caravaning-esguard.com\/es\/la-nostra-visita-al-salo-del-caravaning-de-barcelona-inspiracio-i-novetats\/\" target=\"_blank\">\n\t\t\t\t<img decoding=\"async\" width=\"900\" height=\"500\" src=\"https:\/\/www.caravaning-esguard.com\/wp-content\/uploads\/2025\/10\/Caravaning-Esguard-\u2013-Blog-\u2013-Salo-del-Caravaning-Barcelona-2025-01.jpg\" class=\"attachment-full size-full wp-image-6208\" alt=\"Caravaning Esguard \u2013 Blog \u2013 Sal\u00f3n del Caravaning Barcelona 2025\" srcset=\"https:\/\/www.caravaning-esguard.com\/wp-content\/uploads\/2025\/10\/Caravaning-Esguard-\u2013-Blog-\u2013-Salo-del-Caravaning-Barcelona-2025-01.jpg 900w, https:\/\/www.caravaning-esguard.com\/wp-content\/uploads\/2025\/10\/Caravaning-Esguard-\u2013-Blog-\u2013-Salo-del-Caravaning-Barcelona-2025-01-300x167.jpg 300w, https:\/\/www.caravaning-esguard.com\/wp-content\/uploads\/2025\/10\/Caravaning-Esguard-\u2013-Blog-\u2013-Salo-del-Caravaning-Barcelona-2025-01-768x427.jpg 768w\" sizes=\"(max-width: 900px) 100vw, 900px\" \/>\t\t\t\t<\/a>\n\t\t\t\t\t\t\t\t\t\t<\/div>\n\t\t\t\t\t\t\t\t\t\t\t\t\t<div class=\"premium-blog-effect-container premium-blog-diagonal-effect\">\n\t\t\t\t\t\t\t\t<a class=\"premium-blog-post-link\" href=\"https:\/\/www.caravaning-esguard.com\/es\/la-nostra-visita-al-salo-del-caravaning-de-barcelona-inspiracio-i-novetats\/\" target=\"_blank\"><span>Nuestra visita al Sal\u00f3n del Caravaning de Barcelona: inspiraci\u00f3n y novedades<\/span><\/a>\n\t\t\t\t\t\t\t\t\t\t\t\t\t\t\t<\/div>\n\t\t\t\t\t\t\t\t\t\t\t<\/div>\n\t\t\t\t\t\t\t\t\t\t\t\t<div class=\"premium-blog-content-wrapper\">\n\n\t\t\t\t\t<div class=\"premium-blog-inner-container\">\n\n\t\t\t\t\t\t\t\t\t\t\t\t\t\t<h2 class=\"premium-blog-entry-title\">\n\t\t\t<a href=\"https:\/\/www.caravaning-esguard.com\/es\/la-nostra-visita-al-salo-del-caravaning-de-barcelona-inspiracio-i-novetats\/\" target=\"_blank\">\n\t\t\t\tNuestra visita al Sal\u00f3n del Caravaning de Barcelona: inspiraci\u00f3n y novedades\t\t\t<\/a>\n\t\t<\/h2>\n\t\t\t\t<div class=\"premium-blog-entry-meta\">\n\t\t\t\n\t\t\t\n\t\t\t\n\t\t\t\t\t<\/div>\n\t\t\n\t\t\t\t\t<\/div>\n\n\t\t\t\t\t\t\t<div class=\"premium-blog-content-inner-wrapper\">\n\t\t<p class=\"premium-blog-post-content\">Un a\u00f1o m\u00e1s, en Caravaning Esguard hemos tenido la oportunidad de asistir al Sal\u00f3n del Caravaning de Barcelona, \u200b\u200bun evento que re\u00fane a los amantes del caravaning y las \u00faltimas novedades del sector. Fue una experiencia enriquecedora que queremos compartir contigo. Descubriendo las \u00faltimas \u2026<\/p>\t\t<\/div>\n\t\t\t\t\t\t\t\n\t\t\t\t<\/div>\n\t\t\t<\/div>\n\t\t<\/div>\n\n\t\t\t\t<div class=\"premium-blog-post-outer-container\" data-total=\"5\">\n\t\t\t<div class=\"premium-blog-post-container premium-blog-skin-modern\">\n\t\t\t\t\t\t\t\t\t<div class=\"premium-blog-thumb-effect-wrapper\">\n\t\t\t\t\t\t<div class=\"premium-blog-thumbnail-container premium-blog-blur-effect\">\n\t\t\t\t\t\t\t\t\t\t\t<a href=\"https:\/\/www.caravaning-esguard.com\/es\/consells-per-conservar-be-la-bateria-laigua-i-el-gas-durant-el-teu-viatge-en-autocaravana\/\" target=\"_blank\">\n\t\t\t\t<img decoding=\"async\" width=\"900\" height=\"500\" src=\"https:\/\/www.caravaning-esguard.com\/wp-content\/uploads\/2025\/07\/Caravaning-Esguard-\u2013-Blog-\u2013-Consells-per-conservar-be-la-bateria-laigua-i-el-gas-durant-el-viatge-en-autocaravana.jpg\" class=\"attachment-full size-full wp-image-6138\" alt=\"Caravaning Esguard \u2013 Blog \u2013 Consejos para conservar bien la bater\u00eda, el agua y el gas durante el viaje en autocaravana\" srcset=\"https:\/\/www.caravaning-esguard.com\/wp-content\/uploads\/2025\/07\/Caravaning-Esguard-\u2013-Blog-\u2013-Consells-per-conservar-be-la-bateria-laigua-i-el-gas-durant-el-viatge-en-autocaravana.jpg 900w, https:\/\/www.caravaning-esguard.com\/wp-content\/uploads\/2025\/07\/Caravaning-Esguard-\u2013-Blog-\u2013-Consells-per-conservar-be-la-bateria-laigua-i-el-gas-durant-el-viatge-en-autocaravana-300x167.jpg 300w, https:\/\/www.caravaning-esguard.com\/wp-content\/uploads\/2025\/07\/Caravaning-Esguard-\u2013-Blog-\u2013-Consells-per-conservar-be-la-bateria-laigua-i-el-gas-durant-el-viatge-en-autocaravana-768x427.jpg 768w\" sizes=\"(max-width: 900px) 100vw, 900px\" \/>\t\t\t\t<\/a>\n\t\t\t\t\t\t\t\t\t\t<\/div>\n\t\t\t\t\t\t\t\t\t\t\t\t\t<div class=\"premium-blog-effect-container premium-blog-diagonal-effect\">\n\t\t\t\t\t\t\t\t<a class=\"premium-blog-post-link\" href=\"https:\/\/www.caravaning-esguard.com\/es\/consells-per-conservar-be-la-bateria-laigua-i-el-gas-durant-el-teu-viatge-en-autocaravana\/\" target=\"_blank\"><span>Consejos para conservar bien la bater\u00eda, el agua y el gas durante el viaje en autocaravana<\/span><\/a>\n\t\t\t\t\t\t\t\t\t\t\t\t\t\t\t<\/div>\n\t\t\t\t\t\t\t\t\t\t\t<\/div>\n\t\t\t\t\t\t\t\t\t\t\t\t<div class=\"premium-blog-content-wrapper\">\n\n\t\t\t\t\t<div class=\"premium-blog-inner-container\">\n\n\t\t\t\t\t\t\t\t\t\t\t\t\t\t<h2 class=\"premium-blog-entry-title\">\n\t\t\t<a href=\"https:\/\/www.caravaning-esguard.com\/es\/consells-per-conservar-be-la-bateria-laigua-i-el-gas-durant-el-teu-viatge-en-autocaravana\/\" target=\"_blank\">\n\t\t\t\tConsejos para conservar bien la bater\u00eda, el agua y el gas durante el viaje en autocaravana\t\t\t<\/a>\n\t\t<\/h2>\n\t\t\t\t<div class=\"premium-blog-entry-meta\">\n\t\t\t\n\t\t\t\n\t\t\t\n\t\t\t\t\t<\/div>\n\t\t\n\t\t\t\t\t<\/div>\n\n\t\t\t\t\t\t\t<div class=\"premium-blog-content-inner-wrapper\">\n\t\t<p class=\"premium-blog-post-content translation-block\">Vivir una aventura sobre ruedas es sin\u00f3nimo de libertad, naturaleza y autonom\u00eda. Pero para disfrutarla plenamente es necesario aprender a gestionar bien tres recursos esenciales: <strong>la bater\u00eda, el agua y el gas<\/strong>. Si los utilizas de forma eficiente, evitar\u00e1s imprevistos y podr\u00e1s alargar tus paradas sin preocuparte.<\/p>\t\t<\/div>\n\t\t\t\t\t\t\t\n\t\t\t\t<\/div>\n\t\t\t<\/div>\n\t\t<\/div>\n\n\t\t\t\t<div class=\"premium-blog-post-outer-container\" data-total=\"5\">\n\t\t\t<div class=\"premium-blog-post-container premium-blog-skin-modern\">\n\t\t\t\t\t\t\t\t\t<div class=\"premium-blog-thumb-effect-wrapper\">\n\t\t\t\t\t\t<div class=\"premium-blog-thumbnail-container premium-blog-blur-effect\">\n\t\t\t\t\t\t\t\t\t\t\t<a href=\"https:\/\/www.caravaning-esguard.com\/es\/vacacinces-en-autocaravana-a-la-vista\/\" target=\"_blank\">\n\t\t\t\t<img loading=\"lazy\" decoding=\"async\" width=\"900\" height=\"500\" src=\"https:\/\/www.caravaning-esguard.com\/wp-content\/uploads\/2025\/02\/Caravaning-Esguard-Blog-Vacances-en-autocaravana-a-la-vista.jpg\" class=\"attachment-full size-full wp-image-6086\" alt=\"Caravaning Esguard - Blog - Vacaciones en autocaravana a la vista\" srcset=\"https:\/\/www.caravaning-esguard.com\/wp-content\/uploads\/2025\/02\/Caravaning-Esguard-Blog-Vacances-en-autocaravana-a-la-vista.jpg 900w, https:\/\/www.caravaning-esguard.com\/wp-content\/uploads\/2025\/02\/Caravaning-Esguard-Blog-Vacances-en-autocaravana-a-la-vista-300x167.jpg 300w, https:\/\/www.caravaning-esguard.com\/wp-content\/uploads\/2025\/02\/Caravaning-Esguard-Blog-Vacances-en-autocaravana-a-la-vista-768x427.jpg 768w\" sizes=\"(max-width: 900px) 100vw, 900px\" \/>\t\t\t\t<\/a>\n\t\t\t\t\t\t\t\t\t\t<\/div>\n\t\t\t\t\t\t\t\t\t\t\t\t\t<div class=\"premium-blog-effect-container premium-blog-diagonal-effect\">\n\t\t\t\t\t\t\t\t<a class=\"premium-blog-post-link\" href=\"https:\/\/www.caravaning-esguard.com\/es\/vacacinces-en-autocaravana-a-la-vista\/\" target=\"_blank\"><span>\u00a1Vacaciones en autocaravana a la vista!<\/span><\/a>\n\t\t\t\t\t\t\t\t\t\t\t\t\t\t\t<\/div>\n\t\t\t\t\t\t\t\t\t\t\t<\/div>\n\t\t\t\t\t\t\t\t\t\t\t\t<div class=\"premium-blog-content-wrapper\">\n\n\t\t\t\t\t<div class=\"premium-blog-inner-container\">\n\n\t\t\t\t\t\t\t\t\t\t\t\t\t\t<h2 class=\"premium-blog-entry-title\">\n\t\t\t<a href=\"https:\/\/www.caravaning-esguard.com\/es\/vacacinces-en-autocaravana-a-la-vista\/\" target=\"_blank\">\n\t\t\t\t\u00a1Vacaciones en autocaravana a la vista!\t\t\t<\/a>\n\t\t<\/h2>\n\t\t\t\t<div class=\"premium-blog-entry-meta\">\n\t\t\t\n\t\t\t\n\t\t\t\n\t\t\t\t\t<\/div>\n\t\t\n\t\t\t\t\t<\/div>\n\n\t\t\t\t\t\t\t<div class=\"premium-blog-content-inner-wrapper\">\n\t\t<p class=\"premium-blog-post-content\">Las vacaciones en autocaravana ofrecen libertad, comodidad y conexi\u00f3n \u00fanica con la naturaleza. Sin embargo, para que la experiencia sea realmente positiva, es fundamental planificar bien cada detalle. A continuaci\u00f3n, te dejamos los aspectos clave que debes considerar antes de emprender el viaje.<\/p>\t\t<\/div>\n\t\t\t\t\t\t\t\n\t\t\t\t<\/div>\n\t\t\t<\/div>\n\t\t<\/div>\n\n\t\t\t\t\t\t\t<\/div>\n\n\t\t\t\t\t<div class=\"premium-blog-footer\">\n\t\t\t\t\t\t\t<nav class=\"premium-blog-pagination-container\" role=\"navigation\" aria-label=\"Paginaci\u00f3n\">\n\t\t\t\t<span aria-current=\"page\" class=\"page-numbers current\">1<\/span>\n<a class=\"page-numbers\" href=\"https:\/\/www.caravaning-esguard.com\/es\/wp-json\/wp\/v2\/pages\/2661\/page\/2\/\">2<\/a>\n<a class=\"page-numbers\" href=\"https:\/\/www.caravaning-esguard.com\/es\/wp-json\/wp\/v2\/pages\/2661\/page\/3\/\">3<\/a>\n<span class=\"page-numbers dots\">&hellip;<\/span>\n<a class=\"page-numbers\" href=\"https:\/\/www.caravaning-esguard.com\/es\/wp-json\/wp\/v2\/pages\/2661\/page\/5\/\">5<\/a>\t\t\t<\/nav>\n\t\t\t\t\t\t<\/div>\n\t\t\n\t\t\n\t\t\t\t\t\t<\/div>\n\t\t\t\t\t<\/div>\n\t\t<\/div>\n\t\t\t\t\t<\/div>\n\t\t<\/section>\n\t\t\t\t<\/div>","protected":false},"excerpt":{"rendered":"<p>La nostra visita al Sal\u00f3 del Caravaning de Barcelona: inspiraci\u00f3 i novetats La nostra visita al Sal\u00f3 del Caravaning de Barcelona: inspiraci\u00f3 i novetats Un any m\u00e9s, a\u00a0Caravaning\u00a0Esguard\u00a0hem tingut l&#8217;oportunitat d&#8217;assistir el Sal\u00f3 del\u00a0Caravaning\u00a0de Barcelona, un esdeveniment que reuneix els amants del\u00a0caravaning\u00a0i les \u00faltimes novetats del sector. Va ser una experi\u00e8ncia enriquidora que volem compartir<br \/><a class=\"moretag\" href=\"https:\/\/www.caravaning-esguard.com\/es\/vacacinces-en-autocaravana-a-la-vista\/\">+ Read More<\/a><\/p>","protected":false},"author":1,"featured_media":2801,"parent":0,"menu_order":0,"comment_status":"closed","ping_status":"closed","template":"templates\/page-fullwidth_template.php","meta":{"footnotes":""},"class_list":["post-2661","page","type-page","status-publish","has-post-thumbnail","hentry"],"yoast_head":"<!-- This site is optimized with the Yoast SEO plugin v27.4 - https:\/\/yoast.com\/product\/yoast-seo-wordpress\/ -->\n<title>Blog - Caravaning Esguard<\/title>\n<meta name=\"robots\" content=\"index, follow, max-snippet:-1, max-image-preview:large, max-video-preview:-1\" \/>\n<link rel=\"canonical\" href=\"https:\/\/www.caravaning-esguard.com\/es\/blog\/\" \/>\n<meta property=\"og:locale\" content=\"es_ES\" \/>\n<meta property=\"og:type\" content=\"article\" \/>\n<meta property=\"og:title\" content=\"Blog - Caravaning Esguard\" \/>\n<meta property=\"og:description\" content=\"La nostra visita al Sal\u00f3 del Caravaning de Barcelona: inspiraci\u00f3 i novetats La nostra visita al Sal\u00f3 del Caravaning de Barcelona: inspiraci\u00f3 i novetats Un any m\u00e9s, a\u00a0Caravaning\u00a0Esguard\u00a0hem tingut l&#8217;oportunitat d&#8217;assistir el Sal\u00f3 del\u00a0Caravaning\u00a0de Barcelona, un esdeveniment que reuneix els amants del\u00a0caravaning\u00a0i les \u00faltimes novetats del sector. Va ser una experi\u00e8ncia enriquidora que volem compartir+ Read More\" \/>\n<meta property=\"og:url\" content=\"https:\/\/www.caravaning-esguard.com\/es\/blog\/\" \/>\n<meta property=\"og:site_name\" content=\"Caravaning Esguard\" \/>\n<meta property=\"article:publisher\" content=\"https:\/\/www.facebook.com\/caravaningesguard\/\" \/>\n<meta property=\"article:modified_time\" content=\"2026-01-19T10:22:39+00:00\" \/>\n<meta property=\"og:image\" content=\"https:\/\/www.caravaning-esguard.com\/wp-content\/uploads\/2023\/03\/Caravaning-Esguard-Blog-H.jpg\" \/>\n\t<meta property=\"og:image:width\" content=\"1480\" \/>\n\t<meta property=\"og:image:height\" content=\"360\" \/>\n\t<meta property=\"og:image:type\" content=\"image\/jpeg\" \/>\n<meta name=\"twitter:card\" content=\"summary_large_image\" \/>\n<meta name=\"twitter:label1\" content=\"Tiempo de lectura\" \/>\n\t<meta name=\"twitter:data1\" content=\"1 minuto\" \/>\n<script type=\"application\/ld+json\" class=\"yoast-schema-graph\">{\"@context\":\"https:\\\/\\\/schema.org\",\"@graph\":[{\"@type\":\"WebPage\",\"@id\":\"https:\\\/\\\/www.caravaning-esguard.com\\\/blog\\\/\",\"url\":\"https:\\\/\\\/www.caravaning-esguard.com\\\/blog\\\/\",\"name\":\"Blog - Caravaning Esguard\",\"isPartOf\":{\"@id\":\"https:\\\/\\\/www.caravaning-esguard.com\\\/#website\"},\"primaryImageOfPage\":{\"@id\":\"https:\\\/\\\/www.caravaning-esguard.com\\\/blog\\\/#primaryimage\"},\"image\":{\"@id\":\"https:\\\/\\\/www.caravaning-esguard.com\\\/blog\\\/#primaryimage\"},\"thumbnailUrl\":\"https:\\\/\\\/www.caravaning-esguard.com\\\/wp-content\\\/uploads\\\/2023\\\/03\\\/Caravaning-Esguard-Blog-H.jpg\",\"datePublished\":\"2023-02-28T21:45:26+00:00\",\"dateModified\":\"2026-01-19T10:22:39+00:00\",\"breadcrumb\":{\"@id\":\"https:\\\/\\\/www.caravaning-esguard.com\\\/blog\\\/#breadcrumb\"},\"inLanguage\":\"es\",\"potentialAction\":[{\"@type\":\"ReadAction\",\"target\":[\"https:\\\/\\\/www.caravaning-esguard.com\\\/blog\\\/\"]}]},{\"@type\":\"ImageObject\",\"inLanguage\":\"es\",\"@id\":\"https:\\\/\\\/www.caravaning-esguard.com\\\/blog\\\/#primaryimage\",\"url\":\"https:\\\/\\\/www.caravaning-esguard.com\\\/wp-content\\\/uploads\\\/2023\\\/03\\\/Caravaning-Esguard-Blog-H.jpg\",\"contentUrl\":\"https:\\\/\\\/www.caravaning-esguard.com\\\/wp-content\\\/uploads\\\/2023\\\/03\\\/Caravaning-Esguard-Blog-H.jpg\",\"width\":1480,\"height\":360,\"caption\":\"Caravaning Esguard - Blog\"},{\"@type\":\"BreadcrumbList\",\"@id\":\"https:\\\/\\\/www.caravaning-esguard.com\\\/blog\\\/#breadcrumb\",\"itemListElement\":[{\"@type\":\"ListItem\",\"position\":1,\"name\":\"Home\",\"item\":\"https:\\\/\\\/www.caravaning-esguard.com\\\/\"},{\"@type\":\"ListItem\",\"position\":2,\"name\":\"Blog\"}]},{\"@type\":\"WebSite\",\"@id\":\"https:\\\/\\\/www.caravaning-esguard.com\\\/#website\",\"url\":\"https:\\\/\\\/www.caravaning-esguard.com\\\/\",\"name\":\"Caravaning Esguard\",\"description\":\"Santa Cristina d&#039;Aro\",\"publisher\":{\"@id\":\"https:\\\/\\\/www.caravaning-esguard.com\\\/#organization\"},\"potentialAction\":[{\"@type\":\"SearchAction\",\"target\":{\"@type\":\"EntryPoint\",\"urlTemplate\":\"https:\\\/\\\/www.caravaning-esguard.com\\\/?s={search_term_string}\"},\"query-input\":{\"@type\":\"PropertyValueSpecification\",\"valueRequired\":true,\"valueName\":\"search_term_string\"}}],\"inLanguage\":\"es\"},{\"@type\":\"Organization\",\"@id\":\"https:\\\/\\\/www.caravaning-esguard.com\\\/#organization\",\"name\":\"Caravaning Esguard\",\"url\":\"https:\\\/\\\/www.caravaning-esguard.com\\\/\",\"logo\":{\"@type\":\"ImageObject\",\"inLanguage\":\"es\",\"@id\":\"https:\\\/\\\/www.caravaning-esguard.com\\\/#\\\/schema\\\/logo\\\/image\\\/\",\"url\":\"https:\\\/\\\/www.caravaning-esguard.com\\\/wp-content\\\/uploads\\\/2023\\\/09\\\/Caravaning-Esguard-Santa-Cristina-dAro-Logo.png\",\"contentUrl\":\"https:\\\/\\\/www.caravaning-esguard.com\\\/wp-content\\\/uploads\\\/2023\\\/09\\\/Caravaning-Esguard-Santa-Cristina-dAro-Logo.png\",\"width\":228,\"height\":80,\"caption\":\"Caravaning Esguard\"},\"image\":{\"@id\":\"https:\\\/\\\/www.caravaning-esguard.com\\\/#\\\/schema\\\/logo\\\/image\\\/\"},\"sameAs\":[\"https:\\\/\\\/www.facebook.com\\\/caravaningesguard\\\/\",\"https:\\\/\\\/www.instagram.com\\\/caravaningesguard\\\/\"]}]}<\/script>\n<!-- \/ Yoast SEO plugin. -->","yoast_head_json":{"title":"Blog - Caravaning Esguard","robots":{"index":"index","follow":"follow","max-snippet":"max-snippet:-1","max-image-preview":"max-image-preview:large","max-video-preview":"max-video-preview:-1"},"canonical":"https:\/\/www.caravaning-esguard.com\/es\/blog\/","og_locale":"es_ES","og_type":"article","og_title":"Blog - Caravaning Esguard","og_description":"La nostra visita al Sal\u00f3 del Caravaning de Barcelona: inspiraci\u00f3 i novetats La nostra visita al Sal\u00f3 del Caravaning de Barcelona: inspiraci\u00f3 i novetats Un any m\u00e9s, a\u00a0Caravaning\u00a0Esguard\u00a0hem tingut l&#8217;oportunitat d&#8217;assistir el Sal\u00f3 del\u00a0Caravaning\u00a0de Barcelona, un esdeveniment que reuneix els amants del\u00a0caravaning\u00a0i les \u00faltimes novetats del sector. Va ser una experi\u00e8ncia enriquidora que volem compartir+ Read More","og_url":"https:\/\/www.caravaning-esguard.com\/es\/blog\/","og_site_name":"Caravaning Esguard","article_publisher":"https:\/\/www.facebook.com\/caravaningesguard\/","article_modified_time":"2026-01-19T10:22:39+00:00","og_image":[{"width":1480,"height":360,"url":"https:\/\/www.caravaning-esguard.com\/wp-content\/uploads\/2023\/03\/Caravaning-Esguard-Blog-H.jpg","type":"image\/jpeg"}],"twitter_card":"summary_large_image","twitter_misc":{"Tiempo de lectura":"1 minuto"},"schema":{"@context":"https:\/\/schema.org","@graph":[{"@type":"WebPage","@id":"https:\/\/www.caravaning-esguard.com\/blog\/","url":"https:\/\/www.caravaning-esguard.com\/blog\/","name":"Blog - Caravaning Esguard","isPartOf":{"@id":"https:\/\/www.caravaning-esguard.com\/#website"},"primaryImageOfPage":{"@id":"https:\/\/www.caravaning-esguard.com\/blog\/#primaryimage"},"image":{"@id":"https:\/\/www.caravaning-esguard.com\/blog\/#primaryimage"},"thumbnailUrl":"https:\/\/www.caravaning-esguard.com\/wp-content\/uploads\/2023\/03\/Caravaning-Esguard-Blog-H.jpg","datePublished":"2023-02-28T21:45:26+00:00","dateModified":"2026-01-19T10:22:39+00:00","breadcrumb":{"@id":"https:\/\/www.caravaning-esguard.com\/blog\/#breadcrumb"},"inLanguage":"es","potentialAction":[{"@type":"ReadAction","target":["https:\/\/www.caravaning-esguard.com\/blog\/"]}]},{"@type":"ImageObject","inLanguage":"es","@id":"https:\/\/www.caravaning-esguard.com\/blog\/#primaryimage","url":"https:\/\/www.caravaning-esguard.com\/wp-content\/uploads\/2023\/03\/Caravaning-Esguard-Blog-H.jpg","contentUrl":"https:\/\/www.caravaning-esguard.com\/wp-content\/uploads\/2023\/03\/Caravaning-Esguard-Blog-H.jpg","width":1480,"height":360,"caption":"Caravaning Esguard - Blog"},{"@type":"BreadcrumbList","@id":"https:\/\/www.caravaning-esguard.com\/blog\/#breadcrumb","itemListElement":[{"@type":"ListItem","position":1,"name":"Home","item":"https:\/\/www.caravaning-esguard.com\/"},{"@type":"ListItem","position":2,"name":"Blog"}]},{"@type":"WebSite","@id":"https:\/\/www.caravaning-esguard.com\/#website","url":"https:\/\/www.caravaning-esguard.com\/","name":"Caravaning Esguard","description":"Santa Cristina d&#039;Aro","publisher":{"@id":"https:\/\/www.caravaning-esguard.com\/#organization"},"potentialAction":[{"@type":"SearchAction","target":{"@type":"EntryPoint","urlTemplate":"https:\/\/www.caravaning-esguard.com\/?s={search_term_string}"},"query-input":{"@type":"PropertyValueSpecification","valueRequired":true,"valueName":"search_term_string"}}],"inLanguage":"es"},{"@type":"Organization","@id":"https:\/\/www.caravaning-esguard.com\/#organization","name":"Caravaning Esguard","url":"https:\/\/www.caravaning-esguard.com\/","logo":{"@type":"ImageObject","inLanguage":"es","@id":"https:\/\/www.caravaning-esguard.com\/#\/schema\/logo\/image\/","url":"https:\/\/www.caravaning-esguard.com\/wp-content\/uploads\/2023\/09\/Caravaning-Esguard-Santa-Cristina-dAro-Logo.png","contentUrl":"https:\/\/www.caravaning-esguard.com\/wp-content\/uploads\/2023\/09\/Caravaning-Esguard-Santa-Cristina-dAro-Logo.png","width":228,"height":80,"caption":"Caravaning Esguard"},"image":{"@id":"https:\/\/www.caravaning-esguard.com\/#\/schema\/logo\/image\/"},"sameAs":["https:\/\/www.facebook.com\/caravaningesguard\/","https:\/\/www.instagram.com\/caravaningesguard\/"]}]}},"_links":{"self":[{"href":"https:\/\/www.caravaning-esguard.com\/es\/wp-json\/wp\/v2\/pages\/2661","targetHints":{"allow":["GET"]}}],"collection":[{"href":"https:\/\/www.caravaning-esguard.com\/es\/wp-json\/wp\/v2\/pages"}],"about":[{"href":"https:\/\/www.caravaning-esguard.com\/es\/wp-json\/wp\/v2\/types\/page"}],"author":[{"embeddable":true,"href":"https:\/\/www.caravaning-esguard.com\/es\/wp-json\/wp\/v2\/users\/1"}],"replies":[{"embeddable":true,"href":"https:\/\/www.caravaning-esguard.com\/es\/wp-json\/wp\/v2\/comments?post=2661"}],"version-history":[{"count":0,"href":"https:\/\/www.caravaning-esguard.com\/es\/wp-json\/wp\/v2\/pages\/2661\/revisions"}],"wp:featuredmedia":[{"embeddable":true,"href":"https:\/\/www.caravaning-esguard.com\/es\/wp-json\/wp\/v2\/media\/2801"}],"wp:attachment":[{"href":"https:\/\/www.caravaning-esguard.com\/es\/wp-json\/wp\/v2\/media?parent=2661"}],"curies":[{"name":"wp","href":"https:\/\/api.w.org\/{rel}","templated":true}]}}