{"id":2784,"date":"2023-03-20T22:36:50","date_gmt":"2023-03-20T21:36:50","guid":{"rendered":"https:\/\/www.caravaning-esguard.com\/?page_id=2784"},"modified":"2026-01-17T10:09:42","modified_gmt":"2026-01-17T09:09:42","slug":"serveis","status":"publish","type":"page","link":"https:\/\/www.caravaning-esguard.com\/es\/serveis\/","title":{"rendered":"Servicios"},"content":{"rendered":"<div data-elementor-type=\"wp-page\" data-elementor-id=\"2784\" class=\"elementor elementor-2784\" data-elementor-post-type=\"page\">\n\t\t\t\t\t\t<section class=\"elementor-section elementor-top-section elementor-element elementor-element-09d2f3f elementor-section-full_width elementor-section-height-default elementor-section-height-default\" data-id=\"09d2f3f\" data-element_type=\"section\" data-e-type=\"section\">\n\t\t\t\t\t\t<div class=\"elementor-container elementor-column-gap-no\">\n\t\t\t\t\t<div class=\"elementor-column elementor-col-100 elementor-top-column elementor-element elementor-element-2a21ff6\" data-id=\"2a21ff6\" data-element_type=\"column\" data-e-type=\"column\">\n\t\t\t<div class=\"elementor-widget-wrap elementor-element-populated\">\n\t\t\t\t\t\t<section class=\"elementor-section elementor-inner-section elementor-element elementor-element-3912a62 elementor-section-full_width elementor-section-height-default elementor-section-height-default\" data-id=\"3912a62\" data-element_type=\"section\" data-e-type=\"section\">\n\t\t\t\t\t\t<div class=\"elementor-container elementor-column-gap-no\">\n\t\t\t\t\t<div class=\"elementor-column elementor-col-50 elementor-inner-column elementor-element elementor-element-b8380cb\" data-id=\"b8380cb\" data-element_type=\"column\" data-e-type=\"column\">\n\t\t\t<div class=\"elementor-widget-wrap elementor-element-populated\">\n\t\t\t\t\t\t<div class=\"elementor-element elementor-element-ecce152 elementor-widget elementor-widget-heading\" data-id=\"ecce152\" data-element_type=\"widget\" data-e-type=\"widget\" data-widget_type=\"heading.default\">\n\t\t\t\t\t<h2 class=\"elementor-heading-title elementor-size-default\">Seguridad<\/h2>\t\t\t\t<\/div>\n\t\t\t\t<div class=\"elementor-element elementor-element-db1c33f elementor-widget elementor-widget-text-editor\" data-id=\"db1c33f\" data-element_type=\"widget\" data-e-type=\"widget\" data-widget_type=\"text-editor.default\">\n\t\t\t\t\t\t\t\t\t<p>Sabemos que nuestro mayor valor son nuestros clientes.<\/p><p>Un trato cordial, familiar pero profesional y de calidad, \u00e9ste es el valor de nuestros servicios y\u00a0que ofrecemos a nuestros clientes.<\/p><p>En nuestros parkings ponemos todos los medios a nuestro alcance para garantizar la m\u00e1xima seguridad. Videovigilancia y v\u00eddeo grabaci\u00f3n 24h, iluminaci\u00f3n, sistemas de detecci\u00f3n y conexi\u00f3n con central de alarma 24h.<\/p><p>Nuestro objetivo es ofrecerle la m\u00e1xima seguridad a cambio de tu tranquilidad.<\/p>\t\t\t\t\t\t\t\t<\/div>\n\t\t\t\t\t<\/div>\n\t\t<\/div>\n\t\t\t\t<div class=\"elementor-column elementor-col-50 elementor-inner-column elementor-element elementor-element-7e41976\" data-id=\"7e41976\" data-element_type=\"column\" data-e-type=\"column\">\n\t\t\t<div class=\"elementor-widget-wrap elementor-element-populated\">\n\t\t\t\t\t\t<div class=\"elementor-element elementor-element-72b3920 elementor-widget__width-initial elementor-widget elementor-widget-image\" data-id=\"72b3920\" data-element_type=\"widget\" data-e-type=\"widget\" data-widget_type=\"image.default\">\n\t\t\t\t\t\t\t\t\t\t\t\t\t\t\t<img fetchpriority=\"high\" decoding=\"async\" width=\"800\" height=\"493\" src=\"https:\/\/www.caravaning-esguard.com\/wp-content\/uploads\/2024\/05\/Caravaning-Esguard-Serveis-Seguretat.jpg\" class=\"attachment-full size-full wp-image-5851\" alt=\"Caravaning Esguard - Servicios - Seguridad\" srcset=\"https:\/\/www.caravaning-esguard.com\/wp-content\/uploads\/2024\/05\/Caravaning-Esguard-Serveis-Seguretat.jpg 800w, https:\/\/www.caravaning-esguard.com\/wp-content\/uploads\/2024\/05\/Caravaning-Esguard-Serveis-Seguretat-300x185.jpg 300w, https:\/\/www.caravaning-esguard.com\/wp-content\/uploads\/2024\/05\/Caravaning-Esguard-Serveis-Seguretat-768x473.jpg 768w\" sizes=\"(max-width: 800px) 100vw, 800px\" \/>\t\t\t\t\t\t\t\t\t\t\t\t\t\t\t<\/div>\n\t\t\t\t\t<\/div>\n\t\t<\/div>\n\t\t\t\t\t<\/div>\n\t\t<\/section>\n\t\t\t\t\t<\/div>\n\t\t<\/div>\n\t\t\t\t\t<\/div>\n\t\t<\/section>\n\t\t\t\t<section class=\"elementor-section elementor-top-section elementor-element elementor-element-25d5663 elementor-section-full_width elementor-section-height-default elementor-section-height-default\" data-id=\"25d5663\" data-element_type=\"section\" data-e-type=\"section\">\n\t\t\t\t\t\t<div class=\"elementor-container elementor-column-gap-no\">\n\t\t\t\t\t<div class=\"elementor-column elementor-col-100 elementor-top-column elementor-element elementor-element-7da4090\" data-id=\"7da4090\" data-element_type=\"column\" data-e-type=\"column\">\n\t\t\t<div class=\"elementor-widget-wrap elementor-element-populated\">\n\t\t\t\t\t\t<section class=\"elementor-section elementor-inner-section elementor-element elementor-element-3c00f69 elementor-section-full_width elementor-reverse-mobile elementor-section-height-default elementor-section-height-default\" data-id=\"3c00f69\" data-element_type=\"section\" data-e-type=\"section\">\n\t\t\t\t\t\t<div class=\"elementor-container elementor-column-gap-no\">\n\t\t\t\t\t<div class=\"elementor-column elementor-col-50 elementor-inner-column elementor-element elementor-element-7b1e325\" data-id=\"7b1e325\" data-element_type=\"column\" data-e-type=\"column\">\n\t\t\t<div class=\"elementor-widget-wrap elementor-element-populated\">\n\t\t\t\t\t\t<div class=\"elementor-element elementor-element-c3f300e elementor-widget__width-initial elementor-widget elementor-widget-image\" data-id=\"c3f300e\" data-element_type=\"widget\" data-e-type=\"widget\" data-widget_type=\"image.default\">\n\t\t\t\t\t\t\t\t\t\t\t\t\t\t\t<img decoding=\"async\" width=\"800\" height=\"493\" src=\"https:\/\/www.caravaning-esguard.com\/wp-content\/uploads\/2024\/05\/Caravaning-Esguard-Serveis-Transport.jpg\" class=\"attachment-full size-full wp-image-5858\" alt=\"Caravaning Esguard - Servicios - Transporte\" srcset=\"https:\/\/www.caravaning-esguard.com\/wp-content\/uploads\/2024\/05\/Caravaning-Esguard-Serveis-Transport.jpg 800w, https:\/\/www.caravaning-esguard.com\/wp-content\/uploads\/2024\/05\/Caravaning-Esguard-Serveis-Transport-300x185.jpg 300w, https:\/\/www.caravaning-esguard.com\/wp-content\/uploads\/2024\/05\/Caravaning-Esguard-Serveis-Transport-768x473.jpg 768w\" sizes=\"(max-width: 800px) 100vw, 800px\" \/>\t\t\t\t\t\t\t\t\t\t\t\t\t\t\t<\/div>\n\t\t\t\t\t<\/div>\n\t\t<\/div>\n\t\t\t\t<div class=\"elementor-column elementor-col-50 elementor-inner-column elementor-element elementor-element-1ae3ab1\" data-id=\"1ae3ab1\" data-element_type=\"column\" data-e-type=\"column\">\n\t\t\t<div class=\"elementor-widget-wrap elementor-element-populated\">\n\t\t\t\t\t\t<div class=\"elementor-element elementor-element-a01692e elementor-widget elementor-widget-heading\" data-id=\"a01692e\" data-element_type=\"widget\" data-e-type=\"widget\" data-widget_type=\"heading.default\">\n\t\t\t\t\t<h2 class=\"elementor-heading-title elementor-size-default\">Transporte<\/h2>\t\t\t\t<\/div>\n\t\t\t\t<div class=\"elementor-element elementor-element-26feaeb elementor-widget elementor-widget-text-editor\" data-id=\"26feaeb\" data-element_type=\"widget\" data-e-type=\"widget\" data-widget_type=\"text-editor.default\">\n\t\t\t\t\t\t\t\t\t<p>Con el compromiso de ofrecer un servicio integral a nuestros clientes, entregamos tu caravana en la parcela, el camping, y el d\u00eda que desees, listo para empezar las vacaciones.<\/p><p>De la misma forma, la recogemos el d\u00eda que vuelvas a casa, para que no tengas que pensar en otra cosa que en un feliz regreso.<\/p><p>Tambi\u00e9n realizamos transportes entre campings en toda Catalu\u00f1a y movimientos entre parcelas dentro de un mismo camping.<\/p>\t\t\t\t\t\t\t\t<\/div>\n\t\t\t\t\t<\/div>\n\t\t<\/div>\n\t\t\t\t\t<\/div>\n\t\t<\/section>\n\t\t\t\t\t<\/div>\n\t\t<\/div>\n\t\t\t\t\t<\/div>\n\t\t<\/section>\n\t\t\t\t<section class=\"elementor-section elementor-top-section elementor-element elementor-element-ab909b4 elementor-section-full_width elementor-section-height-default elementor-section-height-default\" data-id=\"ab909b4\" data-element_type=\"section\" data-e-type=\"section\">\n\t\t\t\t\t\t<div class=\"elementor-container elementor-column-gap-no\">\n\t\t\t\t\t<div class=\"elementor-column elementor-col-100 elementor-top-column elementor-element elementor-element-26e4767\" data-id=\"26e4767\" data-element_type=\"column\" data-e-type=\"column\">\n\t\t\t<div class=\"elementor-widget-wrap elementor-element-populated\">\n\t\t\t\t\t\t<section class=\"elementor-section elementor-inner-section elementor-element elementor-element-0983be5 elementor-section-full_width elementor-section-height-default elementor-section-height-default\" data-id=\"0983be5\" data-element_type=\"section\" data-e-type=\"section\">\n\t\t\t\t\t\t<div class=\"elementor-container elementor-column-gap-no\">\n\t\t\t\t\t<div class=\"elementor-column elementor-col-50 elementor-inner-column elementor-element elementor-element-62dc38c\" data-id=\"62dc38c\" data-element_type=\"column\" data-e-type=\"column\">\n\t\t\t<div class=\"elementor-widget-wrap elementor-element-populated\">\n\t\t\t\t\t\t<div class=\"elementor-element elementor-element-f3d59cf elementor-widget elementor-widget-heading\" data-id=\"f3d59cf\" data-element_type=\"widget\" data-e-type=\"widget\" data-widget_type=\"heading.default\">\n\t\t\t\t\t<h2 class=\"elementor-heading-title elementor-size-default\">Limpieza<\/h2>\t\t\t\t<\/div>\n\t\t\t\t<div class=\"elementor-element elementor-element-c1ecf27 elementor-widget elementor-widget-text-editor\" data-id=\"c1ecf27\" data-element_type=\"widget\" data-e-type=\"widget\" data-widget_type=\"text-editor.default\">\n\t\t\t\t\t\t\t\t\t<p>Cuando empiezan las vacaciones, s\u00f3lo tienes que preocuparte de eso, de hacer vacaciones.<\/p><p>Despu\u00e9s del largo invierno, y por el buen mantenimiento de la caravana, es necesario un lavado de cara.<\/p><p>Esto se complica cuando se trata del techo, por la dificultad de acceder y las limitaciones para hacerlo en el camping.<\/p><p>En Caravaning Esguard disponemos de los medios t\u00e9cnicos necesarios para dejar bien limpia tu caravana.<\/p><p>No olvides encargarnos la limpieza exterior de tu caravana. <strong>Consulta precios sin compromiso.<\/strong><\/p>\t\t\t\t\t\t\t\t<\/div>\n\t\t\t\t\t<\/div>\n\t\t<\/div>\n\t\t\t\t<div class=\"elementor-column elementor-col-50 elementor-inner-column elementor-element elementor-element-5e2d895\" data-id=\"5e2d895\" data-element_type=\"column\" data-e-type=\"column\">\n\t\t\t<div class=\"elementor-widget-wrap elementor-element-populated\">\n\t\t\t\t\t\t<div class=\"elementor-element elementor-element-1e370d5 elementor-widget__width-initial elementor-widget elementor-widget-image\" data-id=\"1e370d5\" data-element_type=\"widget\" data-e-type=\"widget\" data-widget_type=\"image.default\">\n\t\t\t\t\t\t\t\t\t\t\t\t\t\t\t<img decoding=\"async\" width=\"800\" height=\"493\" src=\"https:\/\/www.caravaning-esguard.com\/wp-content\/uploads\/2024\/05\/Caravaning-Esguard-Serveis-Neteja.jpg\" class=\"attachment-full size-full wp-image-5844\" alt=\"Caravaning Esguard - Servicios - Limpieza\" srcset=\"https:\/\/www.caravaning-esguard.com\/wp-content\/uploads\/2024\/05\/Caravaning-Esguard-Serveis-Neteja.jpg 800w, https:\/\/www.caravaning-esguard.com\/wp-content\/uploads\/2024\/05\/Caravaning-Esguard-Serveis-Neteja-300x185.jpg 300w, https:\/\/www.caravaning-esguard.com\/wp-content\/uploads\/2024\/05\/Caravaning-Esguard-Serveis-Neteja-768x473.jpg 768w\" sizes=\"(max-width: 800px) 100vw, 800px\" \/>\t\t\t\t\t\t\t\t\t\t\t\t\t\t\t<\/div>\n\t\t\t\t\t<\/div>\n\t\t<\/div>\n\t\t\t\t\t<\/div>\n\t\t<\/section>\n\t\t\t\t\t<\/div>\n\t\t<\/div>\n\t\t\t\t\t<\/div>\n\t\t<\/section>\n\t\t\t\t<section class=\"elementor-section elementor-top-section elementor-element elementor-element-0308940 elementor-section-full_width elementor-section-height-default elementor-section-height-default\" data-id=\"0308940\" data-element_type=\"section\" data-e-type=\"section\">\n\t\t\t\t\t\t<div class=\"elementor-container elementor-column-gap-no\">\n\t\t\t\t\t<div class=\"elementor-column elementor-col-100 elementor-top-column elementor-element elementor-element-e6ed1d7\" data-id=\"e6ed1d7\" data-element_type=\"column\" data-e-type=\"column\">\n\t\t\t<div class=\"elementor-widget-wrap elementor-element-populated\">\n\t\t\t\t\t\t<div class=\"elementor-element elementor-element-12fe0c2 elementor-widget elementor-widget-heading\" data-id=\"12fe0c2\" data-element_type=\"widget\" data-e-type=\"widget\" data-widget_type=\"heading.default\">\n\t\t\t\t\t<h2 class=\"elementor-heading-title elementor-size-default\">Reparaciones<\/h2>\t\t\t\t<\/div>\n\t\t\t\t<section class=\"elementor-section elementor-inner-section elementor-element elementor-element-b4d002e elementor-section-full_width elementor-section-height-default elementor-section-height-default\" data-id=\"b4d002e\" data-element_type=\"section\" data-e-type=\"section\">\n\t\t\t\t\t\t<div class=\"elementor-container elementor-column-gap-no\">\n\t\t\t\t\t<div class=\"elementor-column elementor-col-100 elementor-inner-column elementor-element elementor-element-6c5c17e\" data-id=\"6c5c17e\" data-element_type=\"column\" data-e-type=\"column\">\n\t\t\t<div class=\"elementor-widget-wrap elementor-element-populated\">\n\t\t\t\t\t\t<div class=\"elementor-element elementor-element-47c784c elementor-widget elementor-widget-text-editor\" data-id=\"47c784c\" data-element_type=\"widget\" data-e-type=\"widget\" data-widget_type=\"text-editor.default\">\n\t\t\t\t\t\t\t\t\t<p>El mantenimiento de una caravana es algo complejo y que puede complicarnos las vacaciones.<\/p><p>Te ofrecemos nuestro servicio de reparaciones, para que s\u00f3lo tengas que preocuparte de c\u00f3mo pasar tus d\u00edas de recreo en familia.<\/p><ul><li>Sustituci\u00f3n de ventanas, claraboyas, aireadores\u2026<\/li><li>Cambio de neum\u00e1ticos.<\/li><li>Montaje de estabilizadores, portabicicletas, mover\u2026<\/li><li>Revisiones de frenos, luces\u2026<\/li><li>Reparaci\u00f3n de ruedas jockey y sus soportes.<\/li><li>Puestas listas para la ITV y su tramitaci\u00f3n.<\/li><li>Obtenci\u00f3n de certificados de caracter\u00edsticas para homologaciones o importaciones.<\/li><\/ul>\t\t\t\t\t\t\t\t<\/div>\n\t\t\t\t\t<\/div>\n\t\t<\/div>\n\t\t\t\t\t<\/div>\n\t\t<\/section>\n\t\t\t\t\t<\/div>\n\t\t<\/div>\n\t\t\t\t\t<\/div>\n\t\t<\/section>\n\t\t\t\t<\/div>","protected":false},"excerpt":{"rendered":"<p>Seguretat Sabem que el nostre valor m\u00e9s important s\u00f3n els nostres clients. Un tracte cordial, familiar per\u00f2 professional i de qualitat, aquest \u00e9s el valor dels nostres serveis i\u00a0 que oferim als nostres clients. En els nostres p\u00e0rquings posem tots els mitjans al nostre abast per garantir la m\u00e0xima seguretat. Videovigil\u00e0ncia i video gravaci\u00f3 24h,<br \/><a class=\"moretag\" href=\"https:\/\/www.caravaning-esguard.com\/es\/serveis\/\">+ Read More<\/a><\/p>","protected":false},"author":1,"featured_media":2799,"parent":0,"menu_order":0,"comment_status":"closed","ping_status":"closed","template":"templates\/page-fullwidth_template.php","meta":{"footnotes":""},"class_list":["post-2784","page","type-page","status-publish","has-post-thumbnail","hentry"],"yoast_head":"<!-- This site is optimized with the Yoast SEO plugin v27.4 - https:\/\/yoast.com\/product\/yoast-seo-wordpress\/ -->\n<title>Serveis - Caravaning Esguard<\/title>\n<meta name=\"robots\" content=\"index, follow, max-snippet:-1, max-image-preview:large, max-video-preview:-1\" \/>\n<link rel=\"canonical\" href=\"https:\/\/www.caravaning-esguard.com\/es\/serveis\/\" \/>\n<meta property=\"og:locale\" content=\"es_ES\" \/>\n<meta property=\"og:type\" content=\"article\" \/>\n<meta property=\"og:title\" content=\"Serveis - Caravaning Esguard\" \/>\n<meta property=\"og:description\" content=\"Seguretat Sabem que el nostre valor m\u00e9s important s\u00f3n els nostres clients. Un tracte cordial, familiar per\u00f2 professional i de qualitat, aquest \u00e9s el valor dels nostres serveis i\u00a0 que oferim als nostres clients. En els nostres p\u00e0rquings posem tots els mitjans al nostre abast per garantir la m\u00e0xima seguretat. Videovigil\u00e0ncia i video gravaci\u00f3 24h,+ Read More\" \/>\n<meta property=\"og:url\" content=\"https:\/\/www.caravaning-esguard.com\/es\/serveis\/\" \/>\n<meta property=\"og:site_name\" content=\"Caravaning Esguard\" \/>\n<meta property=\"article:publisher\" content=\"https:\/\/www.facebook.com\/caravaningesguard\/\" \/>\n<meta property=\"article:modified_time\" content=\"2026-01-17T09:09:42+00:00\" \/>\n<meta property=\"og:image\" content=\"https:\/\/www.caravaning-esguard.com\/wp-content\/uploads\/2023\/03\/Caravaning-Esguard-Serveis-H.jpg\" \/>\n\t<meta property=\"og:image:width\" content=\"1480\" \/>\n\t<meta property=\"og:image:height\" content=\"360\" \/>\n\t<meta property=\"og:image:type\" content=\"image\/jpeg\" \/>\n<meta name=\"twitter:card\" content=\"summary_large_image\" \/>\n<meta name=\"twitter:label1\" content=\"Tiempo de lectura\" \/>\n\t<meta name=\"twitter:data1\" content=\"2 minutos\" \/>\n<script type=\"application\/ld+json\" class=\"yoast-schema-graph\">{\"@context\":\"https:\\\/\\\/schema.org\",\"@graph\":[{\"@type\":\"WebPage\",\"@id\":\"https:\\\/\\\/www.caravaning-esguard.com\\\/es\\\/serveis\\\/\",\"url\":\"https:\\\/\\\/www.caravaning-esguard.com\\\/es\\\/serveis\\\/\",\"name\":\"Serveis - Caravaning Esguard\",\"isPartOf\":{\"@id\":\"https:\\\/\\\/www.caravaning-esguard.com\\\/#website\"},\"primaryImageOfPage\":{\"@id\":\"https:\\\/\\\/www.caravaning-esguard.com\\\/es\\\/serveis\\\/#primaryimage\"},\"image\":{\"@id\":\"https:\\\/\\\/www.caravaning-esguard.com\\\/es\\\/serveis\\\/#primaryimage\"},\"thumbnailUrl\":\"https:\\\/\\\/www.caravaning-esguard.com\\\/wp-content\\\/uploads\\\/2023\\\/03\\\/Caravaning-Esguard-Serveis-H.jpg\",\"datePublished\":\"2023-03-20T21:36:50+00:00\",\"dateModified\":\"2026-01-17T09:09:42+00:00\",\"breadcrumb\":{\"@id\":\"https:\\\/\\\/www.caravaning-esguard.com\\\/es\\\/serveis\\\/#breadcrumb\"},\"inLanguage\":\"es\",\"potentialAction\":[{\"@type\":\"ReadAction\",\"target\":[\"https:\\\/\\\/www.caravaning-esguard.com\\\/es\\\/serveis\\\/\"]}]},{\"@type\":\"ImageObject\",\"inLanguage\":\"es\",\"@id\":\"https:\\\/\\\/www.caravaning-esguard.com\\\/es\\\/serveis\\\/#primaryimage\",\"url\":\"https:\\\/\\\/www.caravaning-esguard.com\\\/wp-content\\\/uploads\\\/2023\\\/03\\\/Caravaning-Esguard-Serveis-H.jpg\",\"contentUrl\":\"https:\\\/\\\/www.caravaning-esguard.com\\\/wp-content\\\/uploads\\\/2023\\\/03\\\/Caravaning-Esguard-Serveis-H.jpg\",\"width\":1480,\"height\":360,\"caption\":\"Caravaning Esguard - Serveis\"},{\"@type\":\"BreadcrumbList\",\"@id\":\"https:\\\/\\\/www.caravaning-esguard.com\\\/es\\\/serveis\\\/#breadcrumb\",\"itemListElement\":[{\"@type\":\"ListItem\",\"position\":1,\"name\":\"Home\",\"item\":\"https:\\\/\\\/www.caravaning-esguard.com\\\/\"},{\"@type\":\"ListItem\",\"position\":2,\"name\":\"Serveis\"}]},{\"@type\":\"WebSite\",\"@id\":\"https:\\\/\\\/www.caravaning-esguard.com\\\/#website\",\"url\":\"https:\\\/\\\/www.caravaning-esguard.com\\\/\",\"name\":\"Caravaning Esguard\",\"description\":\"Santa Cristina d&#039;Aro\",\"publisher\":{\"@id\":\"https:\\\/\\\/www.caravaning-esguard.com\\\/#organization\"},\"potentialAction\":[{\"@type\":\"SearchAction\",\"target\":{\"@type\":\"EntryPoint\",\"urlTemplate\":\"https:\\\/\\\/www.caravaning-esguard.com\\\/?s={search_term_string}\"},\"query-input\":{\"@type\":\"PropertyValueSpecification\",\"valueRequired\":true,\"valueName\":\"search_term_string\"}}],\"inLanguage\":\"es\"},{\"@type\":\"Organization\",\"@id\":\"https:\\\/\\\/www.caravaning-esguard.com\\\/#organization\",\"name\":\"Caravaning Esguard\",\"url\":\"https:\\\/\\\/www.caravaning-esguard.com\\\/\",\"logo\":{\"@type\":\"ImageObject\",\"inLanguage\":\"es\",\"@id\":\"https:\\\/\\\/www.caravaning-esguard.com\\\/#\\\/schema\\\/logo\\\/image\\\/\",\"url\":\"https:\\\/\\\/www.caravaning-esguard.com\\\/wp-content\\\/uploads\\\/2023\\\/09\\\/Caravaning-Esguard-Santa-Cristina-dAro-Logo.png\",\"contentUrl\":\"https:\\\/\\\/www.caravaning-esguard.com\\\/wp-content\\\/uploads\\\/2023\\\/09\\\/Caravaning-Esguard-Santa-Cristina-dAro-Logo.png\",\"width\":228,\"height\":80,\"caption\":\"Caravaning Esguard\"},\"image\":{\"@id\":\"https:\\\/\\\/www.caravaning-esguard.com\\\/#\\\/schema\\\/logo\\\/image\\\/\"},\"sameAs\":[\"https:\\\/\\\/www.facebook.com\\\/caravaningesguard\\\/\",\"https:\\\/\\\/www.instagram.com\\\/caravaningesguard\\\/\"]}]}<\/script>\n<!-- \/ Yoast SEO plugin. -->","yoast_head_json":{"title":"Serveis - Caravaning Esguard","robots":{"index":"index","follow":"follow","max-snippet":"max-snippet:-1","max-image-preview":"max-image-preview:large","max-video-preview":"max-video-preview:-1"},"canonical":"https:\/\/www.caravaning-esguard.com\/es\/serveis\/","og_locale":"es_ES","og_type":"article","og_title":"Serveis - Caravaning Esguard","og_description":"Seguretat Sabem que el nostre valor m\u00e9s important s\u00f3n els nostres clients. Un tracte cordial, familiar per\u00f2 professional i de qualitat, aquest \u00e9s el valor dels nostres serveis i\u00a0 que oferim als nostres clients. En els nostres p\u00e0rquings posem tots els mitjans al nostre abast per garantir la m\u00e0xima seguretat. Videovigil\u00e0ncia i video gravaci\u00f3 24h,+ Read More","og_url":"https:\/\/www.caravaning-esguard.com\/es\/serveis\/","og_site_name":"Caravaning Esguard","article_publisher":"https:\/\/www.facebook.com\/caravaningesguard\/","article_modified_time":"2026-01-17T09:09:42+00:00","og_image":[{"width":1480,"height":360,"url":"https:\/\/www.caravaning-esguard.com\/wp-content\/uploads\/2023\/03\/Caravaning-Esguard-Serveis-H.jpg","type":"image\/jpeg"}],"twitter_card":"summary_large_image","twitter_misc":{"Tiempo de lectura":"2 minutos"},"schema":{"@context":"https:\/\/schema.org","@graph":[{"@type":"WebPage","@id":"https:\/\/www.caravaning-esguard.com\/es\/serveis\/","url":"https:\/\/www.caravaning-esguard.com\/es\/serveis\/","name":"Serveis - Caravaning Esguard","isPartOf":{"@id":"https:\/\/www.caravaning-esguard.com\/#website"},"primaryImageOfPage":{"@id":"https:\/\/www.caravaning-esguard.com\/es\/serveis\/#primaryimage"},"image":{"@id":"https:\/\/www.caravaning-esguard.com\/es\/serveis\/#primaryimage"},"thumbnailUrl":"https:\/\/www.caravaning-esguard.com\/wp-content\/uploads\/2023\/03\/Caravaning-Esguard-Serveis-H.jpg","datePublished":"2023-03-20T21:36:50+00:00","dateModified":"2026-01-17T09:09:42+00:00","breadcrumb":{"@id":"https:\/\/www.caravaning-esguard.com\/es\/serveis\/#breadcrumb"},"inLanguage":"es","potentialAction":[{"@type":"ReadAction","target":["https:\/\/www.caravaning-esguard.com\/es\/serveis\/"]}]},{"@type":"ImageObject","inLanguage":"es","@id":"https:\/\/www.caravaning-esguard.com\/es\/serveis\/#primaryimage","url":"https:\/\/www.caravaning-esguard.com\/wp-content\/uploads\/2023\/03\/Caravaning-Esguard-Serveis-H.jpg","contentUrl":"https:\/\/www.caravaning-esguard.com\/wp-content\/uploads\/2023\/03\/Caravaning-Esguard-Serveis-H.jpg","width":1480,"height":360,"caption":"Caravaning Esguard - Serveis"},{"@type":"BreadcrumbList","@id":"https:\/\/www.caravaning-esguard.com\/es\/serveis\/#breadcrumb","itemListElement":[{"@type":"ListItem","position":1,"name":"Home","item":"https:\/\/www.caravaning-esguard.com\/"},{"@type":"ListItem","position":2,"name":"Serveis"}]},{"@type":"WebSite","@id":"https:\/\/www.caravaning-esguard.com\/#website","url":"https:\/\/www.caravaning-esguard.com\/","name":"Caravaning Esguard","description":"Santa Cristina d&#039;Aro","publisher":{"@id":"https:\/\/www.caravaning-esguard.com\/#organization"},"potentialAction":[{"@type":"SearchAction","target":{"@type":"EntryPoint","urlTemplate":"https:\/\/www.caravaning-esguard.com\/?s={search_term_string}"},"query-input":{"@type":"PropertyValueSpecification","valueRequired":true,"valueName":"search_term_string"}}],"inLanguage":"es"},{"@type":"Organization","@id":"https:\/\/www.caravaning-esguard.com\/#organization","name":"Caravaning Esguard","url":"https:\/\/www.caravaning-esguard.com\/","logo":{"@type":"ImageObject","inLanguage":"es","@id":"https:\/\/www.caravaning-esguard.com\/#\/schema\/logo\/image\/","url":"https:\/\/www.caravaning-esguard.com\/wp-content\/uploads\/2023\/09\/Caravaning-Esguard-Santa-Cristina-dAro-Logo.png","contentUrl":"https:\/\/www.caravaning-esguard.com\/wp-content\/uploads\/2023\/09\/Caravaning-Esguard-Santa-Cristina-dAro-Logo.png","width":228,"height":80,"caption":"Caravaning Esguard"},"image":{"@id":"https:\/\/www.caravaning-esguard.com\/#\/schema\/logo\/image\/"},"sameAs":["https:\/\/www.facebook.com\/caravaningesguard\/","https:\/\/www.instagram.com\/caravaningesguard\/"]}]}},"_links":{"self":[{"href":"https:\/\/www.caravaning-esguard.com\/es\/wp-json\/wp\/v2\/pages\/2784","targetHints":{"allow":["GET"]}}],"collection":[{"href":"https:\/\/www.caravaning-esguard.com\/es\/wp-json\/wp\/v2\/pages"}],"about":[{"href":"https:\/\/www.caravaning-esguard.com\/es\/wp-json\/wp\/v2\/types\/page"}],"author":[{"embeddable":true,"href":"https:\/\/www.caravaning-esguard.com\/es\/wp-json\/wp\/v2\/users\/1"}],"replies":[{"embeddable":true,"href":"https:\/\/www.caravaning-esguard.com\/es\/wp-json\/wp\/v2\/comments?post=2784"}],"version-history":[{"count":0,"href":"https:\/\/www.caravaning-esguard.com\/es\/wp-json\/wp\/v2\/pages\/2784\/revisions"}],"wp:featuredmedia":[{"embeddable":true,"href":"https:\/\/www.caravaning-esguard.com\/es\/wp-json\/wp\/v2\/media\/2799"}],"wp:attachment":[{"href":"https:\/\/www.caravaning-esguard.com\/es\/wp-json\/wp\/v2\/media?parent=2784"}],"curies":[{"name":"wp","href":"https:\/\/api.w.org\/{rel}","templated":true}]}}