{"id":3,"date":"2022-11-03T08:26:59","date_gmt":"2022-11-03T07:26:59","guid":{"rendered":"https:\/\/accessoryscamping.com\/home\/esguard-caravaning-scda\/public_html\/?page_id=3"},"modified":"2026-01-16T11:38:35","modified_gmt":"2026-01-16T10:38:35","slug":"politica-de-privacitat","status":"publish","type":"page","link":"https:\/\/www.caravaning-esguard.com\/es\/politica-de-privacitat\/","title":{"rendered":"Pol\u00edtica de privacidad"},"content":{"rendered":"<h3 style=\"text-align: left;\">1. DATOS DEL RESPONSABLE DEL TRATAMIENTO<\/h3>\n<p>Raz\u00f3n Social:\u00a0<strong>SECTOR ESTACI\u00d3 SL<\/strong>\u00a0(en adelante el \u201cResponsable\u201d).<br \/>\nCIF: <strong>B17865320<\/strong><br \/>\nDomicilio: <strong>C\/ TAULERA N\u00ba 6 \u2013 17246 \u2013 SANTA CRISTINA D\u2019ARO \u2013 GIRONA<\/strong><br \/>\nTel\u00e9fono: <strong>972 835 636<\/strong><br \/>\nEmail para comunicaciones en materia de Protecci\u00f3n de datos: <a href=\"mailto:info@caravanning-esguard.com\"><strong>info@caravanning-esguard.com<\/strong><\/a><\/p>\n<h4 style=\"text-align: left;\">1.1. Normativa aplicable<\/h4>\n<p style=\"text-align: justify;\">Nuestra Pol\u00edtica de Privacidad se ha dise\u00f1ado de acuerdo con el Reglamento General de Protecci\u00f3n de Datos de la UE 2016\/679 del Parlamento Europeo y del Consejo, de 27 de abril de 2016, relativo a la protecci\u00f3n de las personas f\u00edsicas en lo que respecta al tratamiento de datos personales ya la libre circulaci\u00f3n de estos datos y por el que se deroga\/9 datos), y la Ley Org\u00e1nica 3\/2018 de 5 de diciembre, de Protecci\u00f3n de Datos de Car\u00e1cter Personal y Garant\u00eda de los Derechos Digitales.<\/p>\n<p style=\"text-align: justify;\">Al facilitarnos sus datos, declara haber le\u00eddo y conocer la presente Pol\u00edtica de Privacidad, prestando su consentimiento inequ\u00edvoco y expreso al tratamiento de sus datos personales de acuerdo con los fines y t\u00e9rminos aqu\u00ed expresados.<\/p>\n<p style=\"text-align: justify;\">La Empresa podr\u00e1 modificar esta Pol\u00edtica de Privacidad para adaptarla a las novedades legislativas, jurisprudenciales o de interpretaci\u00f3n de la Agencia Espa\u00f1ola de Protecci\u00f3n de Datos. Estas condiciones de privacidad pueden ser complementadas por el Aviso Legal, Pol\u00edtica de Cookies y las Condiciones Generales que, en su caso, se recojan para determinados productos o servicios, si este acceso supone alguna especialidad en materia de protecci\u00f3n de datos de car\u00e1cter personal.<\/p>\n<h4 style=\"text-align: left;\">1.2. Nuestro Delegado de Protecci\u00f3n de Datos<\/h4>\n<p style=\"text-align: justify;\"><strong>LOPDMONTOLIU I SERVEIS SL<\/strong>, con NIF. <strong>B55261804<\/strong>. El tel\u00e9fono de contacto es <strong>625459540<\/strong> y el correo electr\u00f3nico: <a href=\"mailto:info@lopdmontoliu.es\"><strong>info@lopdmontoliu.es<\/strong><\/a><\/p>\n<h3 style=\"text-align: left;\">2. FINALIDAD DEL TRATAMIENTO DE LOS DATOS PERSONALES<\/h3>\n<p style=\"text-align: justify;\">El tratamiento que realizamos de sus datos personales responde a las siguientes finalidades:<\/p>\n<ul>\n<li style=\"text-align: justify;\">Proporcionar informaci\u00f3n relacionada con los productos y servicios que ofrece nuestra empresa y que se detallan en este sitio web.<\/li>\n<li style=\"text-align: justify;\">Realizar la contrataci\u00f3n de nuestros servicios mediante la aceptaci\u00f3n del correspondiente presupuesto\/pedido y\/o la firma de un contrato mercantil.<\/li>\n<li style=\"text-align: justify;\">Enviar por correo electr\u00f3nico y\/o postal las noticias y novedades sobre nuestra entidad, as\u00ed como las actualizaciones de nuestro cat\u00e1logo de productos y servicios.<\/li>\n<\/ul>\n<h4 style=\"text-align: left;\">2.1. Plazo de Conservaci\u00f3n de sus datos<\/h4>\n<p style=\"text-align: justify;\">Conservaremos sus datos personales desde que nos d\u00e9 su consentimiento hasta que lo revoque o solicite la limitaci\u00f3n del tratamiento. En estos casos, mantendremos sus datos de forma bloqueada durante los plazos legalmente exigidos.<\/p>\n<h3 style=\"text-align: left;\">3. LEGITIMACI\u00d3N Y DATOS RECAUDADOS<\/h3>\n<p style=\"text-align: justify;\">La legitimaci\u00f3n para el tratamiento de sus datos es el consentimiento expreso otorgado mediante un acto positivo y afirmativo (rellenar el formulario correspondiente y marcar la casilla de aceptaci\u00f3n de esta pol\u00edtica) en el momento de facilitarnos sus datos personales.<\/p>\n<h4 style=\"text-align: left;\">3.1. Consentimiento para tratar sus datos<\/h4>\n<p style=\"text-align: justify;\">Al rellenar los formularios, marcar la casilla \u201cAcepto la Pol\u00edtica de Privacidad\u201d y hacer clic para enviar los datos, o al remitir correos electr\u00f3nicos a la Empresa a trav\u00e9s de las cuentas habilitadas al efecto, el Usuario manifiesta haber le\u00eddo y aceptado expresamente la presente pol\u00edtica de privacidad, y otorga su consentimiento de sus datos finalidades indicadas.<\/p>\n<h4 style=\"text-align: left;\">3.2. Categor\u00edas de datos<\/h4>\n<p style=\"text-align: justify;\">Los datos que se piden se refieren a la categor\u00eda de datos identificativos, como pueden ser: Nombre y Apellidos, Tel\u00e9fono, Direcci\u00f3n Postal, Empresa, Correo electr\u00f3nico, as\u00ed como la direcci\u00f3n IP desde la que accede al formulario de recogida de datos.<\/p>\n<h3 style=\"text-align: left;\">4. MEDIDAS DE SEGURIDAD<\/h3>\n<p style=\"text-align: justify;\">Dentro de nuestro compromiso por garantizar la seguridad y confidencialidad de sus datos de car\u00e1cter personal, le informamos que se han adoptado las medidas de \u00edndole t\u00e9cnica y organizativas necesarias para garantizar la seguridad de los datos de car\u00e1cter personal y evitar su alteraci\u00f3n, p\u00e9rdida, tratamiento o acceso no autorizado, teniendo en cuenta el estado de la tecnolog\u00eda, la naturaleza de los datos almacenados y los riesgos. 32 del RGPD EU 679\/2016.<\/p>\n<h3 style=\"text-align: left;\">5. CESI\u00d3N DE DATOS<\/h3>\n<p style=\"text-align: justify;\">No se prev\u00e9n cesiones de datos ni transferencias internacionales de sus datos, con excepci\u00f3n de las autorizadas por la legislaci\u00f3n fiscal, mercantil y de telecomunicaciones, as\u00ed como en aquellos casos en que una autoridad judicial nos lo requiera.<\/p>\n<h3 style=\"text-align: left;\">6. DERECHOS DEL USUARIO<\/h3>\n<p style=\"text-align: justify;\">Cualquier interesado tiene derecho a obtener confirmaci\u00f3n sobre si estamos tratando datos personales que le conciernan, o no. Las personas interesadas tienen derecho a acceder a sus datos personales, as\u00ed como a solicitar la rectificaci\u00f3n de los datos inexactos o, en su caso, solicitar su supresi\u00f3n cuando, entre otros motivos, los datos ya no sean necesarios para los fines que fueron recogidos. En determinadas circunstancias, los interesados \u200b\u200bpodr\u00e1n solicitar la limitaci\u00f3n del tratamiento de sus datos, en cuyo caso \u00fanicamente los conservaremos para el ejercicio o la defensa de reclamaciones.<\/p>\n<p style=\"text-align: justify;\">Por motivos relacionados con su situaci\u00f3n particular, los interesados \u200b\u200bpodr\u00e1n oponerse al tratamiento de los datos. El Responsable del fichero dejar\u00e1 de tratar los datos, excepto por motivos imperiosos leg\u00edtimos, o el ejercicio o la defensa de posibles reclamaciones.<\/p>\n<p style=\"text-align: justify;\">De acuerdo con la legislaci\u00f3n vigente tiene los siguientes derechos: derecho a solicitar el acceso a sus datos personales, derecho a solicitar su rectificaci\u00f3n o supresi\u00f3n, derecho a solicitar la limitaci\u00f3n del tratamiento, derecho a oponerse al tratamiento, derecho a la portabilidad de los datos y asimismo, a revocar el consentimiento otorgado. Asimismo, tendr\u00e1 derecho a presentar una reclamaci\u00f3n ante la Agencia Espa\u00f1ola de Protecci\u00f3n de Datos.<\/p>\n<h4 style=\"text-align: left;\">6.1. \u00bfC\u00f3mo ejercer mis derechos?<\/h4>\n<p style=\"text-align: justify;\">Para ejercer sus derechos, debe dirigirse al responsable, solicitando el correspondiente formulario para el ejercicio del derecho escogido. Opcionalmente, puede acudir a la Autoridad de Control competente para obtener informaci\u00f3n adicional sobre sus derechos. Los datos de contacto para el ejercicio de sus derechos son el tel\u00e9fono <strong>972 835 636<\/strong> y el correo electr\u00f3nico: <a href=\"mailto:info@caravanning-esguard.com\"><strong>info@caravanning-esguard.com<\/strong><\/a>. Recuerde acompa\u00f1ar una copia de un documento que nos permite identificarse.<\/p>\n<h3 style=\"text-align: left;\">7. CONSENTIMIENTO POR ENV\u00cdO DE COMUNICACIONES ELECTR\u00d3NICAS<\/h3>\n<p style=\"text-align: justify;\">Asimismo, y de acuerdo con lo establecido en la Ley 34\/2002, de 11 de julio, de Servicios de la Sociedad de la Informaci\u00f3n y del Comercio Electr\u00f3nico, completando el formulario de recogida de datos y marcando la correspondiente casilla \u201cAcepto\u201d est\u00e1 otorgando el consentimiento expreso para enviarle a su direcci\u00f3n de correo electr\u00f3nico, fax, tel\u00e9fono, fax la Empresa.<\/p>","protected":false},"excerpt":{"rendered":"<p>1. DADES DEL RESPONSABLE DEL TRACTAMENT Ra\u00f3 Social:\u00a0SECTOR ESTACI\u00d3 SL\u00a0(d&#8217;ara endavant el \u201cResponsable\u201d). CIF: B17865320 Domicili: C\/ TAULERA N\u00ba 6 &#8211; 17246 &#8211; SANTA CRISTINA D&#8217;ARO &#8211; GIRONA Tel\u00e8fon: 972 835 636 Email per a comunicacions en mat\u00e8ria de Protecci\u00f3 de dades: info@caravanning-esguard.com 1.1. Normativa aplicable La nostra Pol\u00edtica de Privacitat s&#8217;ha dissenyat d&#8217;acord amb<br \/><a class=\"moretag\" href=\"https:\/\/www.caravaning-esguard.com\/es\/politica-de-privacitat\/\">+ Read More<\/a><\/p>","protected":false},"author":1,"featured_media":2734,"parent":0,"menu_order":0,"comment_status":"closed","ping_status":"closed","template":"templates\/page-fullwidth_template.php","meta":{"footnotes":""},"class_list":["post-3","page","type-page","status-publish","has-post-thumbnail","hentry"],"yoast_head":"<!-- This site is optimized with the Yoast SEO plugin v27.5 - https:\/\/yoast.com\/product\/yoast-seo-wordpress\/ -->\n<title>Pol\u00edtica de privacitat - Caravaning Esguard<\/title>\n<meta name=\"robots\" content=\"index, follow, max-snippet:-1, max-image-preview:large, max-video-preview:-1\" \/>\n<link rel=\"canonical\" href=\"https:\/\/www.caravaning-esguard.com\/es\/politica-de-privacitat\/\" \/>\n<meta property=\"og:locale\" content=\"es_ES\" \/>\n<meta property=\"og:type\" content=\"article\" \/>\n<meta property=\"og:title\" content=\"Pol\u00edtica de privacitat - Caravaning Esguard\" \/>\n<meta property=\"og:description\" content=\"1. DADES DEL RESPONSABLE DEL TRACTAMENT Ra\u00f3 Social:\u00a0SECTOR ESTACI\u00d3 SL\u00a0(d&#8217;ara endavant el \u201cResponsable\u201d). CIF: B17865320 Domicili: C\/ TAULERA N\u00ba 6 &#8211; 17246 &#8211; SANTA CRISTINA D&#8217;ARO &#8211; GIRONA Tel\u00e8fon: 972 835 636 Email per a comunicacions en mat\u00e8ria de Protecci\u00f3 de dades: info@caravanning-esguard.com 1.1. Normativa aplicable La nostra Pol\u00edtica de Privacitat s&#8217;ha dissenyat d&#8217;acord amb+ Read More\" \/>\n<meta property=\"og:url\" content=\"https:\/\/www.caravaning-esguard.com\/es\/politica-de-privacitat\/\" \/>\n<meta property=\"og:site_name\" content=\"Caravaning Esguard\" \/>\n<meta property=\"article:publisher\" content=\"https:\/\/www.facebook.com\/caravaningesguard\/\" \/>\n<meta property=\"article:modified_time\" content=\"2026-01-16T10:38:35+00:00\" \/>\n<meta property=\"og:image\" content=\"https:\/\/www.caravaning-esguard.com\/wp-content\/uploads\/2023\/03\/Caravaning-Esguard-Textos-legals-H.jpg\" \/>\n\t<meta property=\"og:image:width\" content=\"1480\" \/>\n\t<meta property=\"og:image:height\" content=\"360\" \/>\n\t<meta property=\"og:image:type\" content=\"image\/jpeg\" \/>\n<meta name=\"twitter:card\" content=\"summary_large_image\" \/>\n<meta name=\"twitter:label1\" content=\"Tiempo de lectura\" \/>\n\t<meta name=\"twitter:data1\" content=\"5 minutos\" \/>\n<script type=\"application\/ld+json\" class=\"yoast-schema-graph\">{\"@context\":\"https:\\\/\\\/schema.org\",\"@graph\":[{\"@type\":\"WebPage\",\"@id\":\"https:\\\/\\\/www.caravaning-esguard.com\\\/politica-de-privacitat\\\/\",\"url\":\"https:\\\/\\\/www.caravaning-esguard.com\\\/politica-de-privacitat\\\/\",\"name\":\"Pol\u00edtica de privacitat - Caravaning Esguard\",\"isPartOf\":{\"@id\":\"https:\\\/\\\/www.caravaning-esguard.com\\\/#website\"},\"primaryImageOfPage\":{\"@id\":\"https:\\\/\\\/www.caravaning-esguard.com\\\/politica-de-privacitat\\\/#primaryimage\"},\"image\":{\"@id\":\"https:\\\/\\\/www.caravaning-esguard.com\\\/politica-de-privacitat\\\/#primaryimage\"},\"thumbnailUrl\":\"https:\\\/\\\/www.caravaning-esguard.com\\\/wp-content\\\/uploads\\\/2023\\\/03\\\/Caravaning-Esguard-Textos-legals-H.jpg\",\"datePublished\":\"2022-11-03T07:26:59+00:00\",\"dateModified\":\"2026-01-16T10:38:35+00:00\",\"breadcrumb\":{\"@id\":\"https:\\\/\\\/www.caravaning-esguard.com\\\/politica-de-privacitat\\\/#breadcrumb\"},\"inLanguage\":\"es\",\"potentialAction\":[{\"@type\":\"ReadAction\",\"target\":[\"https:\\\/\\\/www.caravaning-esguard.com\\\/politica-de-privacitat\\\/\"]}]},{\"@type\":\"ImageObject\",\"inLanguage\":\"es\",\"@id\":\"https:\\\/\\\/www.caravaning-esguard.com\\\/politica-de-privacitat\\\/#primaryimage\",\"url\":\"https:\\\/\\\/www.caravaning-esguard.com\\\/wp-content\\\/uploads\\\/2023\\\/03\\\/Caravaning-Esguard-Textos-legals-H.jpg\",\"contentUrl\":\"https:\\\/\\\/www.caravaning-esguard.com\\\/wp-content\\\/uploads\\\/2023\\\/03\\\/Caravaning-Esguard-Textos-legals-H.jpg\",\"width\":1480,\"height\":360,\"caption\":\"Caravaning Esguard - Textos legals\"},{\"@type\":\"BreadcrumbList\",\"@id\":\"https:\\\/\\\/www.caravaning-esguard.com\\\/politica-de-privacitat\\\/#breadcrumb\",\"itemListElement\":[{\"@type\":\"ListItem\",\"position\":1,\"name\":\"Home\",\"item\":\"https:\\\/\\\/www.caravaning-esguard.com\\\/\"},{\"@type\":\"ListItem\",\"position\":2,\"name\":\"Pol\u00edtica de privacitat\"}]},{\"@type\":\"WebSite\",\"@id\":\"https:\\\/\\\/www.caravaning-esguard.com\\\/#website\",\"url\":\"https:\\\/\\\/www.caravaning-esguard.com\\\/\",\"name\":\"Caravaning Esguard\",\"description\":\"Santa Cristina d&#039;Aro\",\"publisher\":{\"@id\":\"https:\\\/\\\/www.caravaning-esguard.com\\\/#organization\"},\"potentialAction\":[{\"@type\":\"SearchAction\",\"target\":{\"@type\":\"EntryPoint\",\"urlTemplate\":\"https:\\\/\\\/www.caravaning-esguard.com\\\/?s={search_term_string}\"},\"query-input\":{\"@type\":\"PropertyValueSpecification\",\"valueRequired\":true,\"valueName\":\"search_term_string\"}}],\"inLanguage\":\"es\"},{\"@type\":\"Organization\",\"@id\":\"https:\\\/\\\/www.caravaning-esguard.com\\\/#organization\",\"name\":\"Caravaning Esguard\",\"url\":\"https:\\\/\\\/www.caravaning-esguard.com\\\/\",\"logo\":{\"@type\":\"ImageObject\",\"inLanguage\":\"es\",\"@id\":\"https:\\\/\\\/www.caravaning-esguard.com\\\/#\\\/schema\\\/logo\\\/image\\\/\",\"url\":\"https:\\\/\\\/www.caravaning-esguard.com\\\/wp-content\\\/uploads\\\/2023\\\/09\\\/Caravaning-Esguard-Santa-Cristina-dAro-Logo.png\",\"contentUrl\":\"https:\\\/\\\/www.caravaning-esguard.com\\\/wp-content\\\/uploads\\\/2023\\\/09\\\/Caravaning-Esguard-Santa-Cristina-dAro-Logo.png\",\"width\":228,\"height\":80,\"caption\":\"Caravaning Esguard\"},\"image\":{\"@id\":\"https:\\\/\\\/www.caravaning-esguard.com\\\/#\\\/schema\\\/logo\\\/image\\\/\"},\"sameAs\":[\"https:\\\/\\\/www.facebook.com\\\/caravaningesguard\\\/\",\"https:\\\/\\\/www.instagram.com\\\/caravaningesguard\\\/\"]}]}<\/script>\n<!-- \/ Yoast SEO plugin. -->","yoast_head_json":{"title":"Pol\u00edtica de privacitat - Caravaning Esguard","robots":{"index":"index","follow":"follow","max-snippet":"max-snippet:-1","max-image-preview":"max-image-preview:large","max-video-preview":"max-video-preview:-1"},"canonical":"https:\/\/www.caravaning-esguard.com\/es\/politica-de-privacitat\/","og_locale":"es_ES","og_type":"article","og_title":"Pol\u00edtica de privacitat - Caravaning Esguard","og_description":"1. DADES DEL RESPONSABLE DEL TRACTAMENT Ra\u00f3 Social:\u00a0SECTOR ESTACI\u00d3 SL\u00a0(d&#8217;ara endavant el \u201cResponsable\u201d). CIF: B17865320 Domicili: C\/ TAULERA N\u00ba 6 &#8211; 17246 &#8211; SANTA CRISTINA D&#8217;ARO &#8211; GIRONA Tel\u00e8fon: 972 835 636 Email per a comunicacions en mat\u00e8ria de Protecci\u00f3 de dades: info@caravanning-esguard.com 1.1. Normativa aplicable La nostra Pol\u00edtica de Privacitat s&#8217;ha dissenyat d&#8217;acord amb+ Read More","og_url":"https:\/\/www.caravaning-esguard.com\/es\/politica-de-privacitat\/","og_site_name":"Caravaning Esguard","article_publisher":"https:\/\/www.facebook.com\/caravaningesguard\/","article_modified_time":"2026-01-16T10:38:35+00:00","og_image":[{"width":1480,"height":360,"url":"https:\/\/www.caravaning-esguard.com\/wp-content\/uploads\/2023\/03\/Caravaning-Esguard-Textos-legals-H.jpg","type":"image\/jpeg"}],"twitter_card":"summary_large_image","twitter_misc":{"Tiempo de lectura":"5 minutos"},"schema":{"@context":"https:\/\/schema.org","@graph":[{"@type":"WebPage","@id":"https:\/\/www.caravaning-esguard.com\/politica-de-privacitat\/","url":"https:\/\/www.caravaning-esguard.com\/politica-de-privacitat\/","name":"Pol\u00edtica de privacitat - Caravaning Esguard","isPartOf":{"@id":"https:\/\/www.caravaning-esguard.com\/#website"},"primaryImageOfPage":{"@id":"https:\/\/www.caravaning-esguard.com\/politica-de-privacitat\/#primaryimage"},"image":{"@id":"https:\/\/www.caravaning-esguard.com\/politica-de-privacitat\/#primaryimage"},"thumbnailUrl":"https:\/\/www.caravaning-esguard.com\/wp-content\/uploads\/2023\/03\/Caravaning-Esguard-Textos-legals-H.jpg","datePublished":"2022-11-03T07:26:59+00:00","dateModified":"2026-01-16T10:38:35+00:00","breadcrumb":{"@id":"https:\/\/www.caravaning-esguard.com\/politica-de-privacitat\/#breadcrumb"},"inLanguage":"es","potentialAction":[{"@type":"ReadAction","target":["https:\/\/www.caravaning-esguard.com\/politica-de-privacitat\/"]}]},{"@type":"ImageObject","inLanguage":"es","@id":"https:\/\/www.caravaning-esguard.com\/politica-de-privacitat\/#primaryimage","url":"https:\/\/www.caravaning-esguard.com\/wp-content\/uploads\/2023\/03\/Caravaning-Esguard-Textos-legals-H.jpg","contentUrl":"https:\/\/www.caravaning-esguard.com\/wp-content\/uploads\/2023\/03\/Caravaning-Esguard-Textos-legals-H.jpg","width":1480,"height":360,"caption":"Caravaning Esguard - Textos legals"},{"@type":"BreadcrumbList","@id":"https:\/\/www.caravaning-esguard.com\/politica-de-privacitat\/#breadcrumb","itemListElement":[{"@type":"ListItem","position":1,"name":"Home","item":"https:\/\/www.caravaning-esguard.com\/"},{"@type":"ListItem","position":2,"name":"Pol\u00edtica de privacitat"}]},{"@type":"WebSite","@id":"https:\/\/www.caravaning-esguard.com\/#website","url":"https:\/\/www.caravaning-esguard.com\/","name":"Caravaning Esguard","description":"Santa Cristina d&#039;Aro","publisher":{"@id":"https:\/\/www.caravaning-esguard.com\/#organization"},"potentialAction":[{"@type":"SearchAction","target":{"@type":"EntryPoint","urlTemplate":"https:\/\/www.caravaning-esguard.com\/?s={search_term_string}"},"query-input":{"@type":"PropertyValueSpecification","valueRequired":true,"valueName":"search_term_string"}}],"inLanguage":"es"},{"@type":"Organization","@id":"https:\/\/www.caravaning-esguard.com\/#organization","name":"Caravaning Esguard","url":"https:\/\/www.caravaning-esguard.com\/","logo":{"@type":"ImageObject","inLanguage":"es","@id":"https:\/\/www.caravaning-esguard.com\/#\/schema\/logo\/image\/","url":"https:\/\/www.caravaning-esguard.com\/wp-content\/uploads\/2023\/09\/Caravaning-Esguard-Santa-Cristina-dAro-Logo.png","contentUrl":"https:\/\/www.caravaning-esguard.com\/wp-content\/uploads\/2023\/09\/Caravaning-Esguard-Santa-Cristina-dAro-Logo.png","width":228,"height":80,"caption":"Caravaning Esguard"},"image":{"@id":"https:\/\/www.caravaning-esguard.com\/#\/schema\/logo\/image\/"},"sameAs":["https:\/\/www.facebook.com\/caravaningesguard\/","https:\/\/www.instagram.com\/caravaningesguard\/"]}]}},"_links":{"self":[{"href":"https:\/\/www.caravaning-esguard.com\/es\/wp-json\/wp\/v2\/pages\/3","targetHints":{"allow":["GET"]}}],"collection":[{"href":"https:\/\/www.caravaning-esguard.com\/es\/wp-json\/wp\/v2\/pages"}],"about":[{"href":"https:\/\/www.caravaning-esguard.com\/es\/wp-json\/wp\/v2\/types\/page"}],"author":[{"embeddable":true,"href":"https:\/\/www.caravaning-esguard.com\/es\/wp-json\/wp\/v2\/users\/1"}],"replies":[{"embeddable":true,"href":"https:\/\/www.caravaning-esguard.com\/es\/wp-json\/wp\/v2\/comments?post=3"}],"version-history":[{"count":0,"href":"https:\/\/www.caravaning-esguard.com\/es\/wp-json\/wp\/v2\/pages\/3\/revisions"}],"wp:featuredmedia":[{"embeddable":true,"href":"https:\/\/www.caravaning-esguard.com\/es\/wp-json\/wp\/v2\/media\/2734"}],"wp:attachment":[{"href":"https:\/\/www.caravaning-esguard.com\/es\/wp-json\/wp\/v2\/media?parent=3"}],"curies":[{"name":"wp","href":"https:\/\/api.w.org\/{rel}","templated":true}]}}